{"id":14488,"date":"2020-07-25T19:18:14","date_gmt":"2020-07-25T16:18:14","guid":{"rendered":"https:\/\/www.proya.com.tr\/?page_id=14488"},"modified":"2020-08-10T17:16:18","modified_gmt":"2020-08-10T14:16:18","slug":"hopex-information-architecture","status":"publish","type":"page","link":"https:\/\/www.proya.com.tr\/en\/hopex-information-architecture\/","title":{"rendered":"HOPEX Information Architecture"},"content":{"rendered":"<p>[vc_row css=&#8221;.vc_custom_1595629074396{padding-left: 5% !important;background-image: url(https:\/\/www.proya.com.tr\/wp-content\/uploads\/2020\/07\/hopex-1.jpg?id=13648) !important;}&#8221;][vc_column css=&#8221;.vc_custom_1474490360423{padding-right: 9% !important;}&#8221;][vc_empty_space height=&#8221;30px&#8221;][vc_column_text]<\/p>\n<h3><span style=\"color: #ffffff;\">HOPEX Information Architecture<\/span><\/h3>\n<p>[\/vc_column_text][vc_column_text]<\/p>\n<h5><span style=\"color: #ffffff; font-weight: 400;\">Architect, assess, and monitor information as an enterprise asset<\/span><\/h5>\n<p>[\/vc_column_text][vc_empty_space height=&#8221;40px&#8221;][\/vc_column][\/vc_row][vc_row enable_top_separator=&#8221;true&#8221; top_separator_style=&#8221;slope-right&#8221; top_separator_color=&#8221;#e6e4e4&#8243;][vc_column][\/vc_column][\/vc_row][vc_row][vc_column width=&#8221;2\/3&#8243; css=&#8221;.vc_custom_1595871051736{padding-right: 10% !important;padding-left: 10% !important;}&#8221;]<div class=\"mkdf-section-title-holder\">\n\t<h2 class=\"mkdf-section-title mkdf-section-title-small\" style=\"color: #43648d;text-transform: capitalize\">\n\t\tHOPEX Information Architecture\t<\/h2>\n<\/div>[vc_empty_space height=&#8221;20px&#8221;][vc_column_text]One of the modules of the HOPEX EA product family, HOPEX Information Architecture is the most optimal product that allows you to manage your knowledge and know how as the assets of your organization<\/p>\n<p>Our product ensures that Information Technologies (IT) managers and business architects can access the deep information they need in order to make collaborative and rational decisions about the use of information between the different functions of the organization.[\/vc_column_text][vc_empty_space height=&#8221;30px&#8221;][vc_single_image image=&#8221;13363&#8243; img_size=&#8221;full&#8221; alignment=&#8221;center&#8221;][vc_empty_space height=&#8221;30px&#8221;][vc_column_text]HOPEX Information Architecture offers the opportunity to model and update your information architecture by creating meaningful models about your organization&#8217;s business organizations, relationship and life cycles, creating terminology-based data dictionaries, and creating business collabration models.<\/p>\n<p>HOPEX Information Architecture works integrated with Hopex platform. In other words, it enables you to improve your business goals and IT transformation by showing the key information about your organization in the clearest way.[\/vc_column_text][vc_empty_space height=&#8221;50px&#8221;][vc_column_text]<\/p>\n<h4>Key Challenges<\/h4>\n<p>[\/vc_column_text][vc_empty_space height=&#8221;30px&#8221;][vc_row_inner][vc_column_inner width=&#8221;1\/3&#8243;][vc_single_image image=&#8221;14822&#8243; img_size=&#8221;full&#8221; alignment=&#8221;center&#8221;][vc_empty_space height=&#8221;10px&#8221;][vc_column_text]<\/p>\n<p style=\"text-align: center;\"><strong>Data Integrity<\/strong><\/p>\n<ul>\n<li style=\"text-align: left;\">Data users don\u2019t have a clear understanding of where the data come from, and whether it can be trusted or if it is accurate.<\/li>\n<li style=\"text-align: left;\">The amount of data has skyrocketed and come from heterogeneous sources.<\/li>\n<\/ul>\n<p>[\/vc_column_text][\/vc_column_inner][vc_column_inner width=&#8221;1\/3&#8243;][vc_single_image image=&#8221;14820&#8243; img_size=&#8221;full&#8221; alignment=&#8221;center&#8221;][vc_empty_space height=&#8221;10px&#8221;][vc_column_text]<\/p>\n<p style=\"text-align: center;\"><strong>Data Usability<\/strong><\/p>\n<ul style=\"text-align: center;\">\n<li style=\"text-align: left;\">Data may not be structured, labeled or properly documented so that business users can\u2019t easily search it and use it.<\/li>\n<li style=\"text-align: left;\">Business users often don\u2019t share a common understanding of the meaning of data.<\/li>\n<li style=\"text-align: left;\">They don\u2019t know who owns the data and who they can refer to for information.<\/li>\n<\/ul>\n<p>[\/vc_column_text][\/vc_column_inner][vc_column_inner width=&#8221;1\/3&#8243;][vc_single_image image=&#8221;14821&#8243; img_size=&#8221;full&#8221; alignment=&#8221;center&#8221;][vc_empty_space height=&#8221;10px&#8221;][vc_column_text]<\/p>\n<p style=\"text-align: center;\"><strong>Regulatory Compliance<\/strong><\/p>\n<ul>\n<li style=\"text-align: left;\">Data regulations such as GDPR and Solvency II require a sophisticated level of monitoring and policing of data<\/li>\n<\/ul>\n<p>[\/vc_column_text][\/vc_column_inner][\/vc_row_inner][vc_empty_space height=&#8221;70px&#8221;][vc_column_text]<\/p>\n<h4>HOPEX Information Architecture Benefits<\/h4>\n<p>[\/vc_column_text][vc_empty_space height=&#8221;30px&#8221;][vc_row_inner][vc_column_inner width=&#8221;1\/3&#8243;][vc_column_text css=&#8221;.vc_custom_1596767593957{padding-top: 10px !important;padding-right: 10px !important;padding-bottom: 20px !important;padding-left: 10px !important;background-color: #111924 !important;}&#8221;]<\/p>\n<p style=\"text-align: center;\"><span style=\"color: #ffffff;\"><strong>Get visibility into your data<\/strong><\/span><\/p>\n<p>[\/vc_column_text][vc_column_text]<\/p>\n<ul>\n<li>Build and leverage a data dictionary and a business glossary to improve business efficiency and ensure everybody shares a common understanding<strong>\u00a0<\/strong><\/li>\n<\/ul>\n<p>[\/vc_column_text][\/vc_column_inner][vc_column_inner width=&#8221;1\/3&#8243;][vc_column_text css=&#8221;.vc_custom_1596767612803{padding-top: 10px !important;padding-right: 10px !important;padding-bottom: 20px !important;padding-left: 10px !important;background-color: #111924 !important;}&#8221;]<\/p>\n<p style=\"text-align: center;\"><span style=\"color: #ffffff;\"><strong>Ensure data integrity<\/strong><\/span><\/p>\n<p>[\/vc_column_text][vc_column_text]<\/p>\n<ul>\n<li>Ensure data integrity by understanding how data is used and transformed thanks to a clear data lineage<strong>\u00a0<\/strong><\/li>\n<\/ul>\n<p>[\/vc_column_text][\/vc_column_inner][vc_column_inner width=&#8221;1\/3&#8243;][vc_column_text css=&#8221;.vc_custom_1596767626211{padding-top: 10px !important;padding-right: 10px !important;padding-bottom: 20px !important;padding-left: 10px !important;background-color: #111924 !important;}&#8221;]<\/p>\n<p style=\"text-align: center;\"><span style=\"color: #ffffff;\"><strong>Ensure data compliance<\/strong><\/span><\/p>\n<p>[\/vc_column_text][vc_column_text]<\/p>\n<div class=\"wpb_text_column wpb_content_element \">\n<div class=\"wpb_wrapper\">\n<ul>\n<li>Define rules, link them to business processes and make sure your data comply to internal policies and regulations<\/li>\n<\/ul>\n<\/div>\n<\/div>\n<p>[\/vc_column_text][\/vc_column_inner][\/vc_row_inner][vc_empty_space height=&#8221;70px&#8221;][vc_column_text]<\/p>\n<h4>HOPEX Information Architecture Home Page<\/h4>\n<p>[\/vc_column_text][vc_empty_space height=&#8221;30px&#8221;][vc_single_image image=&#8221;14372&#8243; img_size=&#8221;full&#8221; alignment=&#8221;center&#8221;][vc_column_text]<em>\n    <span class=\"mkdf-icon-shortcode normal mkdf-icon-tiny\"  >\n        \n        <span aria-hidden=\"true\" class=\"mkdf-icon-font-elegant  icon_check mkdf-icon-element\" style=\"\" ><\/span>\n            <\/span>\n\nTiles provide shortcuts to frequently used features and are customizable by end-users<\/em>[\/vc_column_text][vc_empty_space height=&#8221;70px&#8221;][vc_column_text]<\/p>\n<h4>Key Features<\/h4>\n<p>[\/vc_column_text][vc_empty_space height=&#8221;30px&#8221;][vc_row_inner][vc_column_inner width=&#8221;1\/3&#8243;][vc_column_text css=&#8221;.vc_custom_1596768055304{padding-top: 10px !important;padding-right: 10px !important;padding-bottom: 20px !important;padding-left: 10px !important;background-color: #111924 !important;}&#8221;]<\/p>\n<p style=\"text-align: center;\"><span style=\"color: #ffffff;\"><strong>Architect data<\/strong><\/span><\/p>\n<p>[\/vc_column_text][vc_column_text]<\/p>\n<ul>\n<li>Automatically generate a data dictionary<\/li>\n<li>Build a business glossary of enterprise terms<\/li>\n<li>Design physical, logical and conceptual data models<\/li>\n<li>Automatically connect technical data to business data<\/li>\n<\/ul>\n<p>[\/vc_column_text][\/vc_column_inner][vc_column_inner width=&#8221;1\/3&#8243;][vc_column_text css=&#8221;.vc_custom_1596768072831{padding-top: 10px !important;padding-right: 10px !important;padding-bottom: 20px !important;padding-left: 10px !important;background-color: #111924 !important;}&#8221;]<\/p>\n<p style=\"text-align: center;\"><span style=\"color: #ffffff;\"><strong>Trace data<\/strong><\/span><\/p>\n<p>[\/vc_column_text][vc_column_text]<\/p>\n<ul>\n<li>Map data lineage and describe the transformations that happen to the data<\/li>\n<li>Link data to applications and processes to understand data usage<\/li>\n<li>Assess data quality through the six dimensions of data quality<\/li>\n<li>Categorize data based on its sensitivity<\/li>\n<\/ul>\n<p>[\/vc_column_text][\/vc_column_inner][vc_column_inner width=&#8221;1\/3&#8243;][vc_column_text css=&#8221;.vc_custom_1596768085206{padding-top: 10px !important;padding-right: 10px !important;padding-bottom: 20px !important;padding-left: 10px !important;background-color: #111924 !important;}&#8221;]<\/p>\n<p style=\"text-align: center;\"><span style=\"color: #ffffff;\"><strong>Govern data<\/strong><\/span><\/p>\n<p>[\/vc_column_text][vc_column_text]<\/p>\n<ul>\n<li>Assign data governance roles<\/li>\n<li>Define collaborative workflows<\/li>\n<li>Describe rules required by regulatory bodies<\/li>\n<li>Reference regulations including BCBS 239 and Solvency II to ensure compliance<\/li>\n<li>Tie rules to business processes to ensure their enforcement<\/li>\n<\/ul>\n<p>[\/vc_column_text][\/vc_column_inner][\/vc_row_inner][vc_empty_space height=&#8221;70px&#8221;][vc_column_text]<\/p>\n<h4>Three Layers of Data Modelling<\/h4>\n<p>[\/vc_column_text][vc_empty_space height=&#8221;30px&#8221;][vc_single_image image=&#8221;14375&#8243; img_size=&#8221;full&#8221; alignment=&#8221;center&#8221;][vc_empty_space height=&#8221;70px&#8221;][vc_column_text]<\/p>\n<h4>Initialize Data Dictionary<\/h4>\n<p>[\/vc_column_text][vc_column_text]Generate a data dictionary by extracting information from data source via ODBC[\/vc_column_text][vc_empty_space height=&#8221;30px&#8221;][vc_single_image image=&#8221;14376&#8243; img_size=&#8221;full&#8221; alignment=&#8221;center&#8221;][vc_column_text]<em>\n    <span class=\"mkdf-icon-shortcode normal mkdf-icon-tiny\"  >\n        \n        <span aria-hidden=\"true\" class=\"mkdf-icon-font-elegant  icon_check mkdf-icon-element\" style=\"\" ><\/span>\n            <\/span>\n\nReverse engineer arac\u0131 veritabanlar\u0131n\u0131 sorunsuz bir \u015fekilde reverse edebilmek i\u00e7in veriler do\u011frudan ODBC \u00fczerinden al\u0131r.<\/em>[\/vc_column_text][vc_empty_space height=&#8221;70px&#8221;][vc_column_text]<\/p>\n<h4>Create SQL Code<\/h4>\n<p>[\/vc_column_text][vc_column_text]Create SQL code based on physical items of the HOPEX repository (database, table, column) to a target DBMS format.[\/vc_column_text][vc_empty_space height=&#8221;30px&#8221;][vc_single_image image=&#8221;14377&#8243; img_size=&#8221;full&#8221; alignment=&#8221;center&#8221;][vc_column_text]<em>\n    <span class=\"mkdf-icon-shortcode normal mkdf-icon-tiny\"  >\n        \n        <span aria-hidden=\"true\" class=\"mkdf-icon-font-elegant  icon_check mkdf-icon-element\" style=\"\" ><\/span>\n            <\/span>\n\nDatabase parameters can be customized either at a global level, or at a detailed level on a column or primary key, depending on the target DBMS.<\/em>[\/vc_column_text][vc_empty_space height=&#8221;70px&#8221;][vc_column_text]<\/p>\n<h4>Data Lineage<\/h4>\n<p>[\/vc_column_text][vc_column_text]Describe the transformations that happen to the data. Data lineage diagrams include:<\/p>\n<ul>\n<li>Applications, as well as technologies for external systems.<\/li>\n<li>Data origin, processing type, control measurement and subject.<\/li>\n<li>Different types of flows: standard and data flows (used when some new Data appear)<\/li>\n<li>Definition of where applications are used and by who.<\/li>\n<\/ul>\n<p>[\/vc_column_text][vc_empty_space height=&#8221;30px&#8221;][vc_single_image image=&#8221;14378&#8243; img_size=&#8221;full&#8221; alignment=&#8221;center&#8221;][vc_column_text]<em>\n    <span class=\"mkdf-icon-shortcode normal mkdf-icon-tiny\"  >\n        \n        <span aria-hidden=\"true\" class=\"mkdf-icon-font-elegant  icon_check mkdf-icon-element\" style=\"\" ><\/span>\n            <\/span>\n\nMap data lineage to understand how data is transformed<\/em>[\/vc_column_text][vc_empty_space height=&#8221;70px&#8221;][vc_column_text]<\/p>\n<h4>Data Lineage Initialization<\/h4>\n<p>[\/vc_column_text][vc_column_text]Based on the data flows existing in the repository, data lineage diagrams can be automatically initialized from a graph report[\/vc_column_text][vc_empty_space height=&#8221;30px&#8221;][vc_single_image image=&#8221;14379&#8243; img_size=&#8221;full&#8221; alignment=&#8221;center&#8221;][vc_column_text]<em>\n    <span class=\"mkdf-icon-shortcode normal mkdf-icon-tiny\"  >\n        \n        <span aria-hidden=\"true\" class=\"mkdf-icon-font-elegant  icon_check mkdf-icon-element\" style=\"\" ><\/span>\n            <\/span>\n\nGraph report for the data usage of a business concept<\/em>[\/vc_column_text][vc_empty_space height=&#8221;70px&#8221;][vc_column_text]<\/p>\n<h4>Lineage between business and technical data<\/h4>\n<p>[\/vc_column_text][vc_column_text]Understand how a business concept and a technical data are tied each other[\/vc_column_text][vc_empty_space height=&#8221;30px&#8221;][vc_single_image image=&#8221;14381&#8243; img_size=&#8221;full&#8221; alignment=&#8221;center&#8221;][vc_column_text]<em>\n    <span class=\"mkdf-icon-shortcode normal mkdf-icon-tiny\"  >\n        \n        <span aria-hidden=\"true\" class=\"mkdf-icon-font-elegant  icon_check mkdf-icon-element\" style=\"\" ><\/span>\n            <\/span>\n\nEnables users to view links between business glossary and data dictionary<\/em>[\/vc_column_text][vc_empty_space height=&#8221;70px&#8221;][vc_column_text]<\/p>\n<h4>Data Usage in Applications<\/h4>\n<p>[\/vc_column_text][vc_column_text]<\/p>\n<ul>\n<li>View how applications use the data of a data dictionary<\/li>\n<li>Connect applications and data through data stores.<\/li>\n<\/ul>\n<p>[\/vc_column_text][vc_empty_space height=&#8221;30px&#8221;][vc_single_image image=&#8221;14382&#8243; img_size=&#8221;full&#8221; alignment=&#8221;center&#8221;][vc_column_text]<em>\n    <span class=\"mkdf-icon-shortcode normal mkdf-icon-tiny\"  >\n        \n        <span aria-hidden=\"true\" class=\"mkdf-icon-font-elegant  icon_check mkdf-icon-element\" style=\"\" ><\/span>\n            <\/span>\n\nQuickly understand the impacts of change in a data dictionary<\/em><\/p>\n<p><em>\n    <span class=\"mkdf-icon-shortcode normal mkdf-icon-tiny\"  >\n        \n        <span aria-hidden=\"true\" class=\"mkdf-icon-font-elegant  icon_check mkdf-icon-element\" style=\"\" ><\/span>\n            <\/span>\n\nProvides traceability from business glossary, data dictionary and data usage in applications<\/em><em>\u202f<\/em>[\/vc_column_text][vc_empty_space height=&#8221;70px&#8221;][vc_column_text]<\/p>\n<h4>Business Process Analysis Integration<\/h4>\n<p>[\/vc_column_text][vc_column_text]Link data and processes through flows or data stores[\/vc_column_text][vc_empty_space height=&#8221;30px&#8221;][vc_single_image image=&#8221;14384&#8243; img_size=&#8221;full&#8221; alignment=&#8221;center&#8221;][vc_column_text]<em>The concept \u201cTravel Package\u201d is used in \u201cAccount Management\u201d, \u201cTrack orders on internet\u201d and \u201cResearch\u201d processes<\/em><\/p>\n<p><em>\n    <span class=\"mkdf-icon-shortcode normal mkdf-icon-tiny\"  >\n        \n        <span aria-hidden=\"true\" class=\"mkdf-icon-font-elegant  icon_check mkdf-icon-element\" style=\"\" ><\/span>\n            <\/span>\n\nUnderstand where data is used in processes to improve compliance to regulations.<\/em><\/p>\n<p><em>\n    <span class=\"mkdf-icon-shortcode normal mkdf-icon-tiny\"  >\n        \n        <span aria-hidden=\"true\" class=\"mkdf-icon-font-elegant  icon_check mkdf-icon-element\" style=\"\" ><\/span>\n            <\/span>\n\nUnderstand the business criticality of a data<\/em>[\/vc_column_text][vc_empty_space height=&#8221;70px&#8221;][vc_column_text]<\/p>\n<h4>Assess Data Quality<\/h4>\n<p>[\/vc_column_text][vc_empty_space height=&#8221;30px&#8221;][vc_single_image image=&#8221;14495&#8243; img_size=&#8221;full&#8221; alignment=&#8221;center&#8221;][vc_empty_space height=&#8221;30px&#8221;][vc_column_text]<\/p>\n<ul>\n<li>Assess data quality under the six dimensions of data quality including Completeness, Uniqueness, Timeliness, Consistency, Validation and Accuracy.<\/li>\n<li>Campaigns can be set up to assess data quality by various stakeholders in the organization<\/li>\n<\/ul>\n<p><em>\n    <span class=\"mkdf-icon-shortcode normal mkdf-icon-tiny\"  >\n        \n        <span aria-hidden=\"true\" class=\"mkdf-icon-font-elegant  icon_check mkdf-icon-element\" style=\"\" ><\/span>\n            <\/span>\n\nGet a clear understanding of the data quality in your organization<\/em><\/p>\n<p><em>\n    <span class=\"mkdf-icon-shortcode normal mkdf-icon-tiny\"  >\n        \n        <span aria-hidden=\"true\" class=\"mkdf-icon-font-elegant  icon_check mkdf-icon-element\" style=\"\" ><\/span>\n            <\/span>\n\nProceed to remediation plans to improve data quality<\/em>[\/vc_column_text][vc_empty_space height=&#8221;70px&#8221;][vc_column_text]<\/p>\n<h4>Categorize Data<\/h4>\n<p>[\/vc_column_text][vc_column_text]<\/p>\n<ul>\n<li>Categorize data based on its sensitivity. Define retention period for each data.<\/li>\n<li>This feature is common to HOPEX Privacy Management and HOPEX Information Architecture<\/li>\n<\/ul>\n<p>[\/vc_column_text][vc_empty_space height=&#8221;30px&#8221;][vc_single_image image=&#8221;14496&#8243; img_size=&#8221;full&#8221; alignment=&#8221;center&#8221;][vc_column_text]<em>\n    <span class=\"mkdf-icon-shortcode normal mkdf-icon-tiny\"  >\n        \n        <span aria-hidden=\"true\" class=\"mkdf-icon-font-elegant  icon_check mkdf-icon-element\" style=\"\" ><\/span>\n            <\/span>\n\nHelps comply with Privacy Management regulations such as GDPR and CCPA <\/em>[\/vc_column_text][vc_empty_space height=&#8221;70px&#8221;][vc_column_text]<\/p>\n<h4>Workflows<\/h4>\n<p>[\/vc_column_text][vc_column_text]<\/p>\n<ul>\n<li>Set up automated workflows between contributors to validate data models and quickly build a repository of data models<\/li>\n<li>Workflows are instantiated by data designers or data owners. All the other data contributors can sign off on the validation steps.<\/li>\n<li>Default workflows are for: data lineage, business, logical and Physical data models<\/li>\n<\/ul>\n<p>[\/vc_column_text][vc_empty_space height=&#8221;30px&#8221;][vc_single_image image=&#8221;14387&#8243; img_size=&#8221;full&#8221; alignment=&#8221;center&#8221;][vc_column_text]<em>\n    <span class=\"mkdf-icon-shortcode normal mkdf-icon-tiny\"  >\n        \n        <span aria-hidden=\"true\" class=\"mkdf-icon-font-elegant  icon_check mkdf-icon-element\" style=\"\" ><\/span>\n            <\/span>\n\nExample of workflow for the validation of data models<\/em>[\/vc_column_text][vc_empty_space height=&#8221;70px&#8221;][vc_column_text]<\/p>\n<h4>Manage Data Policies<\/h4>\n<p>[\/vc_column_text][vc_column_text]<\/p>\n<ul>\n<li>Describe business directives and policies.<\/li>\n<li>Some standard regulatory requirements are provided out-of-the-box such as BCBS 239 and Solvency II.<\/li>\n<\/ul>\n<p>[\/vc_column_text][vc_empty_space height=&#8221;30px&#8221;][vc_single_image image=&#8221;14388&#8243; img_size=&#8221;full&#8221; alignment=&#8221;center&#8221;][vc_column_text]<em>\n    <span class=\"mkdf-icon-shortcode normal mkdf-icon-tiny\"  >\n        \n        <span aria-hidden=\"true\" class=\"mkdf-icon-font-elegant  icon_check mkdf-icon-element\" style=\"\" ><\/span>\n            <\/span>\n\nBCBS239 regulatory requirements<\/em>[\/vc_column_text][vc_empty_space height=&#8221;70px&#8221;][vc_column_text]<\/p>\n<h4>Monitor Customizable Dashboards<\/h4>\n<p>[\/vc_column_text][vc_column_text]<\/p>\n<ul>\n<li>Monitor the level of data assets that are constrained by the articles and sections of regulations such as BCBS 239 or Solvency II<\/li>\n<li>Monitor the level of completion of the repository, e.g. the percentage of terms with a definition<\/li>\n<li>Monitor the progress of validation workflows for Data Lineage maps and data models<\/li>\n<\/ul>\n<p>[\/vc_column_text][vc_empty_space height=&#8221;30px&#8221;][vc_single_image image=&#8221;14389&#8243; img_size=&#8221;full&#8221; alignment=&#8221;center&#8221;][vc_column_text]<em>\n    <span class=\"mkdf-icon-shortcode normal mkdf-icon-tiny\"  >\n        \n        <span aria-hidden=\"true\" class=\"mkdf-icon-font-elegant  icon_check mkdf-icon-element\" style=\"\" ><\/span>\n            <\/span>\n\nMonitor the level of data constrained by regulatory requirements and the percentage of terms with a definition<\/em>[\/vc_column_text][vc_empty_space height=&#8221;70px&#8221;][vc_column_text]If we need to summarize HOPEX Information Architecture with a single sentence, information systems managers can ensure the correct use of information, minimize deviations at the level of execution, adapt to a layered approach to business asset science, associate information with corporate view and concept, and data models, assets. is the product that provides the tools they need to get awareness reports that show links between attributes and databases.[\/vc_column_text][vc_empty_space height=&#8221;50px&#8221;][\/vc_column][vc_column width=&#8221;1\/4&#8243; enable_sticky=&#8221;true&#8221; sticky_offset=&#8221;100&#8243; css=&#8221;.vc_custom_1474589458588{padding-right: 10% !important;padding-left: 10% !important;}&#8221;][vc_empty_space height=&#8221;50px&#8221;][vc_column_text]<\/p>\n<h6><span style=\"color: #294b8b; font-weight: 500;\">Enterprise Architecture<\/span><\/h6>\n<p>[\/vc_column_text]<a href=\"https:\/\/www.proya.com.tr\/hopex-it-architecture\/\" title=\"\"  data-id=\"mpc_button-3769dd0a0d99fb0\" class=\"mpc-button mpc-init mpc-transition mpc-typography--mpc_preset_16 mpc-display--block \" ><div class=\"mpc-button__content mpc-effect-type--stay mpc-effect-side--left\"><i class=\"mpc-button__icon mpc-transition  fa fa-chevron-right\"><\/i><span class=\"mpc-button__title mpc-transition\">IT Architecture<\/span><\/div><div class=\"mpc-button__background mpc-transition mpc-effect-type--fade mpc-effect-side--in\"><\/div><\/a><a href=\"https:\/\/www.proya.com.tr\/hopex-information-architecture\/\" title=\"\"  data-id=\"mpc_button-2869dd0a0d9a0eb\" class=\"mpc-button mpc-init mpc-transition mpc-typography--mpc_preset_16 mpc-display--block \" ><div class=\"mpc-button__content mpc-effect-type--stay mpc-effect-side--left\"><i class=\"mpc-button__icon mpc-transition  fa fa-chevron-right\"><\/i><span class=\"mpc-button__title mpc-transition\">Information Architecture<\/span><\/div><div class=\"mpc-button__background mpc-transition mpc-effect-type--fade mpc-effect-side--in\"><\/div><\/a><div data-id=\"mpc_button-6469dd0a0d9a18b\" class=\"mpc-button mpc-init mpc-transition mpc-typography--mpc_preset_16 mpc-display--block \" ><div class=\"mpc-button__content mpc-effect-type--stay mpc-effect-side--left\"><i class=\"mpc-button__icon mpc-transition  fa fa-chevron-right\"><\/i><span class=\"mpc-button__title mpc-transition\">BPM<\/span><\/div><div class=\"mpc-button__background mpc-transition mpc-effect-type--fade mpc-effect-side--in\"><\/div><\/div>[vc_empty_space height=&#8221;50px&#8221;][\/vc_column][\/vc_row][vc_row enable_bottom_separator=&#8221;true&#8221; bottom_separator_style=&#8221;arrow-right&#8221; bottom_separator_color=&#8221;#e6e4e4&#8243;][vc_column][\/vc_column][\/vc_row]<\/p>\n","protected":false},"excerpt":{"rendered":"<p>[vc_row css=&#8221;.vc_custom_1595629074396{padding-left: 5% !important;background-image: url(https:\/\/www.proya.com.tr\/wp-content\/uploads\/2020\/07\/hopex-1.jpg?id=13648) !important;}&#8221;][vc_column css=&#8221;.vc_custom_1474490360423{padding-right: 9% !important;}&#8221;][vc_empty_space height=&#8221;30px&#8221;][vc_column_text] HOPEX Information Architecture [\/vc_column_text][vc_column_text] Architect, assess, and monitor information as an enterprise asset [\/vc_column_text][vc_empty_space height=&#8221;40px&#8221;][\/vc_column][\/vc_row][vc_row enable_top_separator=&#8221;true&#8221; top_separator_style=&#8221;slope-right&#8221; top_separator_color=&#8221;#e6e4e4&#8243;][vc_column][\/vc_column][\/vc_row][vc_row][vc_column width=&#8221;2\/3&#8243; css=&#8221;.vc_custom_1595871051736{padding-right: 10% !important;padding-left: 10% !important;}&#8221;][vc_empty_space height=&#8221;20px&#8221;][vc_column_text]One of the modules of the<\/p>\n","protected":false},"author":1,"featured_media":0,"parent":0,"menu_order":0,"comment_status":"closed","ping_status":"closed","template":"full-width.php","meta":[],"categories":[],"tags":[],"aioseo_notices":[],"_links":{"self":[{"href":"https:\/\/www.proya.com.tr\/en\/wp-json\/wp\/v2\/pages\/14488"}],"collection":[{"href":"https:\/\/www.proya.com.tr\/en\/wp-json\/wp\/v2\/pages"}],"about":[{"href":"https:\/\/www.proya.com.tr\/en\/wp-json\/wp\/v2\/types\/page"}],"author":[{"embeddable":true,"href":"https:\/\/www.proya.com.tr\/en\/wp-json\/wp\/v2\/users\/1"}],"replies":[{"embeddable":true,"href":"https:\/\/www.proya.com.tr\/en\/wp-json\/wp\/v2\/comments?post=14488"}],"version-history":[{"count":0,"href":"https:\/\/www.proya.com.tr\/en\/wp-json\/wp\/v2\/pages\/14488\/revisions"}],"wp:attachment":[{"href":"https:\/\/www.proya.com.tr\/en\/wp-json\/wp\/v2\/media?parent=14488"}],"wp:term":[{"taxonomy":"category","embeddable":true,"href":"https:\/\/www.proya.com.tr\/en\/wp-json\/wp\/v2\/categories?post=14488"},{"taxonomy":"post_tag","embeddable":true,"href":"https:\/\/www.proya.com.tr\/en\/wp-json\/wp\/v2\/tags?post=14488"}],"curies":[{"name":"wp","href":"https:\/\/api.w.org\/{rel}","templated":true}]}}