{"id":14693,"date":"2016-09-23T07:37:26","date_gmt":"2016-09-23T04:37:26","guid":{"rendered":"https:\/\/www.proya.com.tr\/?page_id=14693"},"modified":"2025-01-09T17:50:20","modified_gmt":"2025-01-09T14:50:20","slug":"contact","status":"publish","type":"page","link":"https:\/\/www.proya.com.tr\/en\/contact\/","title":{"rendered":"Contact"},"content":{"rendered":"<p>[vc_row css=&#8221;.vc_custom_1596565014917{padding-left: 5% !important;background-image: url(https:\/\/www.proya.com.tr\/wp-content\/uploads\/2020\/08\/iletisim.jpg?id=14690) !important;}&#8221;][vc_column css=&#8221;.vc_custom_1474490360423{padding-right: 9% !important;}&#8221;][vc_empty_space height=&#8221;30px&#8221;][vc_column_text]<\/p>\n<h3><span style=\"color: #ffffff;\">Contact<\/span><\/h3>\n<p>[\/vc_column_text][vc_column_text]<\/p>\n<h5><span style=\"color: #ffffff; font-weight: 400;\">If you have any requests and suggestions, please send it to us<\/span><\/h5>\n<p>[\/vc_column_text][vc_empty_space height=&#8221;40px&#8221;][\/vc_column][\/vc_row][vc_row][vc_column][\/vc_column][\/vc_row][vc_row][vc_column width=&#8221;1\/3&#8243;][vc_row_inner enable_first_overlay=&#8221;true&#8221; first_overlay_opacity=&#8221;82&#8243; first_background_color=&#8221;#ffffff&#8221; css=&#8221;.vc_custom_1585129980829{background-color: #ffffff !important;border-radius: 1px !important;}&#8221;][vc_column_inner css=&#8221;.vc_custom_1475901946028{border-right-width: 4px !important;padding-left: 10% !important;border-right-color: #ffffff !important;border-right-style: dashed !important;}&#8221;][vc_empty_space height=&#8221;20&#8243;][vc_column_text]<\/p>\n<h5><span style=\"color: #294b8b;\">Ankara Office<\/span><\/h5>\n<p>[\/vc_column_text][vc_empty_space height=&#8221;20&#8243;]<div  class=\"mkdf-icon-list-item mkdf-icon-list-item-headings-font-family\">\n\t<div class=\"mkdf-icon-list-icon-holder\">\n        <div class=\"mkdf-icon-list-icon-holder-inner clearfix\">\n\t\t\t<i class=\"mkdf-icon-font-awesome fa fa-map-pin \" style=\"color:#294b8b;font-size:21px\" ><\/i>\t\t<\/div>\n\t<\/div>\n\t<p class=\"mkdf-icon-list-text\" style=\"color:#294b8b;font-size:14px;font-weight: 600\" > K\u0131z\u0131l\u0131rmak Mah. Dumlup\u0131nar Blv. Next Level No:3 A Kat:4 D:11 06520 \u00c7ankaya Ankara<\/p>\n<\/div><div style=\"margin-bottom: 12px\" class=\"mkdf-icon-list-item mkdf-icon-list-item-headings-font-family\">\n\t<div class=\"mkdf-icon-list-icon-holder\">\n        <div class=\"mkdf-icon-list-icon-holder-inner clearfix\">\n\t\t\t<i class=\"mkdf-icon-font-awesome fa fa-phone-square \" style=\"color:#294b8b;font-size:21px\" ><\/i>\t\t<\/div>\n\t<\/div>\n\t<p class=\"mkdf-icon-list-text\" style=\"color:#294b8b;font-size:14px;font-weight: 600\" > +90 (312) 265 00 72<\/p>\n<\/div><div style=\"margin-bottom: 12px\" class=\"mkdf-icon-list-item mkdf-icon-list-item-headings-font-family\">\n\t<div class=\"mkdf-icon-list-icon-holder\">\n        <div class=\"mkdf-icon-list-icon-holder-inner clearfix\">\n\t\t\t<i class=\"mkdf-icon-font-awesome fa fa-envelope-square \" style=\"color:#294b8b;font-size:21px\" ><\/i>\t\t<\/div>\n\t<\/div>\n\t<p class=\"mkdf-icon-list-text\" style=\"color:#294b8b;font-size:14px;font-weight: 600\" > info@proya.net<\/p>\n<\/div>[\/vc_column_inner][\/vc_row_inner][vc_row_inner enable_first_overlay=&#8221;true&#8221; first_overlay_opacity=&#8221;82&#8243; first_background_color=&#8221;#ffffff&#8221;][vc_column_inner css=&#8221;.vc_custom_1475901955379{border-right-width: 4px !important;padding-left: 10% !important;border-right-color: #ffffff !important;border-right-style: dashed !important;}&#8221;][vc_column_text]<\/p>\n<h5><span style=\"color: #294b8b;\">\u0130stanbul Office<\/span><\/h5>\n<p>[\/vc_column_text][vc_empty_space height=&#8221;20&#8243;]<div  class=\"mkdf-icon-list-item mkdf-icon-list-item-headings-font-family\">\n\t<div class=\"mkdf-icon-list-icon-holder\">\n        <div class=\"mkdf-icon-list-icon-holder-inner clearfix\">\n\t\t\t<i class=\"mkdf-icon-font-awesome fa fa-map-pin \" style=\"color:#294b8b;font-size:21px\" ><\/i>\t\t<\/div>\n\t<\/div>\n\t<p class=\"mkdf-icon-list-text\" style=\"color:#294b8b;font-size:14px;font-weight: 600\" > K\u00fc\u00e7\u00fckbakkalk\u00f6y Mah. Dudullu Cad. Brandium Residence R1 Blok No: 23\/112 34750 Ata\u015fehir \/ \u0130stanbul \/ T\u00fcrkiye<\/p>\n<\/div><div  class=\"mkdf-icon-list-item mkdf-icon-list-item-headings-font-family\">\n\t<div class=\"mkdf-icon-list-icon-holder\">\n        <div class=\"mkdf-icon-list-icon-holder-inner clearfix\">\n\t\t\t<i class=\"mkdf-icon-font-awesome fa fa-phone-square \" style=\"color:#294b8b;font-size:21px\" ><\/i>\t\t<\/div>\n\t<\/div>\n\t<p class=\"mkdf-icon-list-text\" style=\"color:#294b8b;font-size:14px;font-weight: 600\" > +90 (216) 599 00 50<\/p>\n<\/div><div  class=\"mkdf-icon-list-item mkdf-icon-list-item-headings-font-family\">\n\t<div class=\"mkdf-icon-list-icon-holder\">\n        <div class=\"mkdf-icon-list-icon-holder-inner clearfix\">\n\t\t\t<i class=\"mkdf-icon-font-awesome fa fa-envelope-square \" style=\"color:#294b8b;font-size:21px\" ><\/i>\t\t<\/div>\n\t<\/div>\n\t<p class=\"mkdf-icon-list-text\" style=\"color:#294b8b;font-size:14px;font-weight: 600\" > info@proya.net<\/p>\n<\/div>[\/vc_column_inner][\/vc_row_inner][vc_row_inner enable_first_overlay=&#8221;true&#8221; first_overlay_opacity=&#8221;82&#8243; first_background_color=&#8221;#ffffff&#8221;][vc_column_inner css=&#8221;.vc_custom_1475901955379{border-right-width: 4px !important;padding-left: 10% !important;border-right-color: #ffffff !important;border-right-style: dashed !important;}&#8221;][vc_column_text]<\/p>\n<h5><span style=\"color: #294b8b;\">Canada Office<\/span><\/h5>\n<p>[\/vc_column_text][vc_empty_space height=&#8221;20&#8243;]<div  class=\"mkdf-icon-list-item mkdf-icon-list-item-headings-font-family\">\n\t<div class=\"mkdf-icon-list-icon-holder\">\n        <div class=\"mkdf-icon-list-icon-holder-inner clearfix\">\n\t\t\t<i class=\"mkdf-icon-font-awesome fa fa-map-pin \" style=\"color:#294b8b;font-size:21px\" ><\/i>\t\t<\/div>\n\t<\/div>\n\t<p class=\"mkdf-icon-list-text\" style=\"color:#294b8b;font-size:14px;font-weight: 600\" > 77 King Street West, Suite 400, Toronto-Dominion Centre, Toronto, ON, Canada M5K 0A1<\/p>\n<\/div><div  class=\"mkdf-icon-list-item mkdf-icon-list-item-headings-font-family\">\n\t<div class=\"mkdf-icon-list-icon-holder\">\n        <div class=\"mkdf-icon-list-icon-holder-inner clearfix\">\n\t\t\t<i class=\"mkdf-icon-font-awesome fa fa-phone-square \" style=\"color:#294b8b;font-size:21px\" ><\/i>\t\t<\/div>\n\t<\/div>\n\t<p class=\"mkdf-icon-list-text\" style=\"color:#294b8b;font-size:14px;font-weight: 600\" > +1 (548) 409 0383<\/p>\n<\/div><div  class=\"mkdf-icon-list-item mkdf-icon-list-item-headings-font-family\">\n\t<div class=\"mkdf-icon-list-icon-holder\">\n        <div class=\"mkdf-icon-list-icon-holder-inner clearfix\">\n\t\t\t<i class=\"mkdf-icon-font-awesome fa fa-envelope-square \" style=\"color:#294b8b;font-size:21px\" ><\/i>\t\t<\/div>\n\t<\/div>\n\t<p class=\"mkdf-icon-list-text\" style=\"color:#294b8b;font-size:14px;font-weight: 600\" > info@proya.net<\/p>\n<\/div>[vc_empty_space height=&#8221;70px&#8221;][\/vc_column_inner][\/vc_row_inner][\/vc_column][vc_column width=&#8221;1\/3&#8243; css=&#8221;.vc_custom_1475901869442{padding-right: 5% !important;padding-left: 5% !important;background-color: #f3f3f3 !important;}&#8221;][vc_empty_space height=&#8221;20px&#8221;][vc_column_text]<\/p>\n<h5 style=\"text-align: center;\"><span style=\"color: #545454;\">Contact Form<\/span><\/h5>\n<p>[\/vc_column_text][vc_empty_space height=&#8221;30px&#8221;]\n<div class=\"wpcf7 no-js\" id=\"wpcf7-f14701-o1\" lang=\"tr-TR\" dir=\"ltr\">\n<div class=\"screen-reader-response\"><p role=\"status\" aria-live=\"polite\" aria-atomic=\"true\"><\/p> <ul><\/ul><\/div>\n<form action=\"\/en\/wp-json\/wp\/v2\/pages\/14693#wpcf7-f14701-o1\" method=\"post\" class=\"wpcf7-form init cf7_custom_style_3\" aria-label=\"Contact form\" novalidate=\"novalidate\" data-status=\"init\">\n<div style=\"display: none;\">\n<input type=\"hidden\" name=\"_wpcf7\" value=\"14701\" \/>\n<input type=\"hidden\" name=\"_wpcf7_version\" value=\"5.7.7\" \/>\n<input type=\"hidden\" name=\"_wpcf7_locale\" value=\"tr_TR\" \/>\n<input type=\"hidden\" name=\"_wpcf7_unit_tag\" value=\"wpcf7-f14701-o1\" \/>\n<input type=\"hidden\" name=\"_wpcf7_container_post\" value=\"0\" \/>\n<input type=\"hidden\" name=\"_wpcf7_posted_data_hash\" value=\"\" \/>\n<input type=\"hidden\" name=\"_wpcf7_recaptcha_response\" value=\"\" \/>\n<\/div>\n<section class=\"form\">\n\t<p><span class=\"wpcf7-form-control-wrap\" data-name=\"your-name\"><input size=\"40\" class=\"wpcf7-form-control wpcf7-text wpcf7-validates-as-required\" aria-required=\"true\" aria-invalid=\"false\" placeholder=\"Your Name\" value=\"\" type=\"text\" name=\"your-name\" \/><\/span><br \/>\n<span class=\"wpcf7-form-control-wrap\" data-name=\"your-email\"><input size=\"40\" class=\"wpcf7-form-control wpcf7-text wpcf7-email wpcf7-validates-as-required wpcf7-validates-as-email\" aria-required=\"true\" aria-invalid=\"false\" placeholder=\"E-mail Address\" value=\"\" type=\"email\" name=\"your-email\" \/><\/span><br \/>\n<span class=\"wpcf7-form-control-wrap\" data-name=\"tel-618\"><input size=\"40\" class=\"wpcf7-form-control wpcf7-text wpcf7-tel wpcf7-validates-as-required wpcf7-validates-as-tel\" aria-required=\"true\" aria-invalid=\"false\" placeholder=\"Phone Number\" value=\"\" type=\"tel\" name=\"tel-618\" \/><\/span><br \/>\n<span class=\"wpcf7-form-control-wrap\" data-name=\"your-message\"><textarea cols=\"40\" rows=\"10\" class=\"wpcf7-form-control wpcf7-textarea\" aria-invalid=\"false\" placeholder=\"Your Message\" name=\"your-message\"><\/textarea><\/span><br \/>\n\t\t<center><input class=\"wpcf7-form-control has-spinner wpcf7-submit\" type=\"submit\" value=\"Submit\" \/>\n\t\t<\/center>\n\t<\/p>\n<\/section><p style=\"display: none !important;\" class=\"akismet-fields-container\" data-prefix=\"_wpcf7_ak_\"><label>&#916;<textarea name=\"_wpcf7_ak_hp_textarea\" cols=\"45\" rows=\"8\" maxlength=\"100\"><\/textarea><\/label><input type=\"hidden\" id=\"ak_js_1\" name=\"_wpcf7_ak_js\" value=\"191\"\/><script>document.getElementById( \"ak_js_1\" ).setAttribute( \"value\", ( new Date() ).getTime() );<\/script><\/p><div class=\"wpcf7-response-output\" aria-hidden=\"true\"><\/div>\n<\/form>\n<\/div>\n[vc_empty_space height=&#8221;50px&#8221;][\/vc_column][vc_column width=&#8221;1\/3&#8243; enable_sticky=&#8221;true&#8221; sticky_offset=&#8221;100&#8243; css=&#8221;.vc_custom_1475886203595{padding-right: 10% !important;padding-left: 10% !important;}&#8221;][vc_empty_space height=&#8221;50px&#8221;][vc_column_text]<\/p>\n<h6><span style=\"color: #294b8b;\">ABOUT US<\/span><\/h6>\n<p>[\/vc_column_text]<a href=\"http:\/\/www.proya.com.tr\/proya\/\" title=\"Proya\"  data-id=\"mpc_button-5069dd0a0d1524a\" class=\"mpc-button mpc-init mpc-transition mpc-typography--mpc_preset_20 mpc-display--block \" ><div class=\"mpc-button__content mpc-effect-type--stay mpc-effect-side--left\"><i class=\"mpc-button__icon mpc-transition  fa fa-angle-right\"><\/i><span class=\"mpc-button__title mpc-transition\">PROYA<\/span><\/div><div class=\"mpc-button__background mpc-transition mpc-effect-type--fade mpc-effect-side--in\"><\/div><\/a><a href=\"https:\/\/www.proya.com.tr\/insan-kaynaklari\/\" title=\"\u0130nsan Kaynaklar\u0131\"  data-id=\"mpc_button-4269dd0a0d15382\" class=\"mpc-button mpc-init mpc-transition mpc-typography--mpc_preset_20 mpc-display--block \" ><div class=\"mpc-button__content mpc-effect-type--stay mpc-effect-side--left\"><i class=\"mpc-button__icon mpc-transition  fa fa-angle-right\"><\/i><span class=\"mpc-button__title mpc-transition\">\u0130nsan Kaynaklar\u0131<\/span><\/div><div class=\"mpc-button__background mpc-transition mpc-effect-type--fade mpc-effect-side--in\"><\/div><\/a><a href=\"https:\/\/www.proya.com.tr\/referanslarimiz\/\" title=\"Referanslar\u0131m\u0131z\"  data-id=\"mpc_button-8269dd0a0d15471\" class=\"mpc-button mpc-init mpc-transition mpc-typography--mpc_preset_20 mpc-display--block \" ><div class=\"mpc-button__content mpc-effect-type--stay mpc-effect-side--left\"><i class=\"mpc-button__icon mpc-transition  fa fa-angle-right\"><\/i><span class=\"mpc-button__title mpc-transition\">Referanslar\u0131m\u0131z<\/span><\/div><div class=\"mpc-button__background mpc-transition mpc-effect-type--fade mpc-effect-side--in\"><\/div><\/a>[vc_empty_space height=&#8221;50px&#8221;][\/vc_column][\/vc_row][vc_column width=&#8221;2\/3&#8243;][\/vc_column]<\/p>\n","protected":false},"excerpt":{"rendered":"<p>[vc_row css=&#8221;.vc_custom_1596565014917{padding-left: 5% !important;background-image: url(https:\/\/www.proya.com.tr\/wp-content\/uploads\/2020\/08\/iletisim.jpg?id=14690) !important;}&#8221;][vc_column css=&#8221;.vc_custom_1474490360423{padding-right: 9% !important;}&#8221;][vc_empty_space height=&#8221;30px&#8221;][vc_column_text] Contact [\/vc_column_text][vc_column_text] If you have any requests and suggestions, please send it to us [\/vc_column_text][vc_empty_space height=&#8221;40px&#8221;][\/vc_column][\/vc_row][vc_row][vc_column][\/vc_column][\/vc_row][vc_row][vc_column width=&#8221;1\/3&#8243;][vc_row_inner enable_first_overlay=&#8221;true&#8221; first_overlay_opacity=&#8221;82&#8243; first_background_color=&#8221;#ffffff&#8221; css=&#8221;.vc_custom_1585129980829{background-color: #ffffff !important;border-radius: 1px !important;}&#8221;][vc_column_inner css=&#8221;.vc_custom_1475901946028{border-right-width: 4px !important;padding-left: 10% !important;border-right-color:<\/p>\n","protected":false},"author":1,"featured_media":0,"parent":0,"menu_order":0,"comment_status":"closed","ping_status":"closed","template":"full-width.php","meta":[],"aioseo_notices":[],"_links":{"self":[{"href":"https:\/\/www.proya.com.tr\/en\/wp-json\/wp\/v2\/pages\/14693"}],"collection":[{"href":"https:\/\/www.proya.com.tr\/en\/wp-json\/wp\/v2\/pages"}],"about":[{"href":"https:\/\/www.proya.com.tr\/en\/wp-json\/wp\/v2\/types\/page"}],"author":[{"embeddable":true,"href":"https:\/\/www.proya.com.tr\/en\/wp-json\/wp\/v2\/users\/1"}],"replies":[{"embeddable":true,"href":"https:\/\/www.proya.com.tr\/en\/wp-json\/wp\/v2\/comments?post=14693"}],"version-history":[{"count":4,"href":"https:\/\/www.proya.com.tr\/en\/wp-json\/wp\/v2\/pages\/14693\/revisions"}],"predecessor-version":[{"id":16546,"href":"https:\/\/www.proya.com.tr\/en\/wp-json\/wp\/v2\/pages\/14693\/revisions\/16546"}],"wp:attachment":[{"href":"https:\/\/www.proya.com.tr\/en\/wp-json\/wp\/v2\/media?parent=14693"}],"curies":[{"name":"wp","href":"https:\/\/api.w.org\/{rel}","templated":true}]}}