{"id":14703,"date":"2016-10-30T14:26:29","date_gmt":"2016-10-30T11:26:29","guid":{"rendered":"https:\/\/www.proya.com.tr\/?page_id=14703"},"modified":"2022-06-30T00:52:43","modified_gmt":"2022-06-29T21:52:43","slug":"proya-homepage","status":"publish","type":"page","link":"https:\/\/www.proya.com.tr\/en\/","title":{"rendered":"PROYA"},"content":{"rendered":"<p>[vc_row][vc_column][rev_slider_vc alias=&#8221;original-home-en&#8221;][\/vc_column][\/vc_row][vc_row content_width=&#8221;grid&#8221; first_background_type=&#8221;image&#8221; enable_second_overlay=&#8221;true&#8221; second_overlay_opacity=&#8221;10&#8243; second_background_type=&#8221;image&#8221; second_background_image=&#8221;9576&#8243; second_background_image_size=&#8221;full&#8221; second_background_repeat=&#8221;repeat&#8221;][vc_column]<div class=\"mkdf-animations-holder mkdf-element-from-bottom\" data-animation=\"mkdf-element-from-bottom\">\n\t<div style=\"transition-delay: 200ms;-webkit-animation-delay: 200ms;animation-delay: 200ms;animation-duration: 350ms;-webkit-animation-duration: 350ms;-moz-animation-duration: 350ms\">\n\t\t[vc_empty_space height=&#8221;20px&#8221;][vc_column_text]<\/p>\n<h1 style=\"text-align: center;\"><span style=\"color: #2381be; font-weight: bold;\">WHY <\/span><span style=\"color: #294b8b; font-weight: bold;\">PROYA?<\/span><\/h1>\n<p>[\/vc_column_text][vc_empty_space height=&#8221;10px&#8221;]\t<\/div>\n\n<\/div><div class=\"mkdf-process-holder mkdf-process-holder-items-four\">\n\t<div class=\"mkdf-process-bg-holder\"><\/div>\n\t<div class=\"mkdf-process-inner\">\n\t\t<div class=\"mkdf-process-item-holder\">\n\t<div class=\"mkdf-pi-holder-inner\">\n\t\t\t\t\t<div class=\"mkdf-pi-image-holder\">\n\t\t\t\t<img width=\"256\" height=\"256\" src=\"https:\/\/www.proya.com.tr\/wp-content\/uploads\/2016\/10\/proya-15-yillik-tecrube.png\" class=\"attachment-full size-full\" alt=\"PROYA 15 Y\u0131ll\u0131k Tecr\u00fcbe\" loading=\"lazy\" srcset=\"https:\/\/www.proya.com.tr\/wp-content\/uploads\/2016\/10\/proya-15-yillik-tecrube.png 256w, https:\/\/www.proya.com.tr\/wp-content\/uploads\/2016\/10\/proya-15-yillik-tecrube-150x150.png 150w\" sizes=\"(max-width: 256px) 100vw, 256px\" \/>\t\t\t<\/div>\n\t\t\t\t<div class=\"mkdf-pi-content-holder\">\n\t\t\t\t\t\t\t<div class=\"mkdf-pi-title-holder\">\n\t\t\t\t\t<h6 class=\"mkdf-pi-title\">20 Years Experience<\/h6>\n\t\t\t\t<\/div>\n\t\t\t\n\t\t\t\t\t\t<div class=\"mkdf-pi-text-holder\">\n\t\t\t\t<p>We provide services in Information Technology in Turkey with our 20 years of experience!<\/p>\n\t\t\t<\/div>\n\t\t\t\t\t<\/div>\n\t<\/div>\n<\/div><div class=\"mkdf-process-item-holder\">\n\t<div class=\"mkdf-pi-holder-inner\">\n\t\t\t\t\t<div class=\"mkdf-pi-image-holder\">\n\t\t\t\t<img width=\"256\" height=\"256\" src=\"https:\/\/www.proya.com.tr\/wp-content\/uploads\/2016\/10\/proya-bilisim-500.png\" class=\"attachment-full size-full\" alt=\"\" loading=\"lazy\" srcset=\"https:\/\/www.proya.com.tr\/wp-content\/uploads\/2016\/10\/proya-bilisim-500.png 256w, https:\/\/www.proya.com.tr\/wp-content\/uploads\/2016\/10\/proya-bilisim-500-150x150.png 150w\" sizes=\"(max-width: 256px) 100vw, 256px\" \/>\t\t\t<\/div>\n\t\t\t\t<div class=\"mkdf-pi-content-holder\">\n\t\t\t\t\t\t\t<div class=\"mkdf-pi-title-holder\">\n\t\t\t\t\t<h6 class=\"mkdf-pi-title\">Bili\u015fim 500<\/h6>\n\t\t\t\t<\/div>\n\t\t\t\n\t\t\t\t\t\t<div class=\"mkdf-pi-text-holder\">\n\t\t\t\t<p>We have the rightful pride of being in Bili\u015fim 500 continuously for 12 years.<\/p>\n\t\t\t<\/div>\n\t\t\t\t\t<\/div>\n\t<\/div>\n<\/div><div class=\"mkdf-process-item-holder\">\n\t<div class=\"mkdf-pi-holder-inner\">\n\t\t\t\t\t<div class=\"mkdf-pi-image-holder\">\n\t\t\t\t<img width=\"256\" height=\"256\" src=\"https:\/\/www.proya.com.tr\/wp-content\/uploads\/2016\/10\/dunya-devlerinin-ortagi-1.png\" class=\"attachment-full size-full\" alt=\"D\u00fcnya Devlerinin Orta\u011f\u0131\" loading=\"lazy\" srcset=\"https:\/\/www.proya.com.tr\/wp-content\/uploads\/2016\/10\/dunya-devlerinin-ortagi-1.png 256w, https:\/\/www.proya.com.tr\/wp-content\/uploads\/2016\/10\/dunya-devlerinin-ortagi-1-150x150.png 150w\" sizes=\"(max-width: 256px) 100vw, 256px\" \/>\t\t\t<\/div>\n\t\t\t\t<div class=\"mkdf-pi-content-holder\">\n\t\t\t\t\t\t\t<div class=\"mkdf-pi-title-holder\">\n\t\t\t\t\t<h6 class=\"mkdf-pi-title\">Partner of the World Giants<\/h6>\n\t\t\t\t<\/div>\n\t\t\t\n\t\t\t\t\t\t<div class=\"mkdf-pi-text-holder\">\n\t\t\t\t<p>We work with the world&#039;s most reputable and reliable companies in Information Technologies and Security!<\/p>\n\t\t\t<\/div>\n\t\t\t\t\t<\/div>\n\t<\/div>\n<\/div><div class=\"mkdf-process-item-holder\">\n\t<div class=\"mkdf-pi-holder-inner\">\n\t\t\t\t\t<div class=\"mkdf-pi-image-holder\">\n\t\t\t\t<img width=\"256\" height=\"256\" src=\"https:\/\/www.proya.com.tr\/wp-content\/uploads\/2016\/10\/sektorel-kurumsal-cozumler.png\" class=\"attachment-full size-full\" alt=\"PROYA Sekt\u00f6rel Kurumsal \u00c7\u00f6z\u00fcmler\" loading=\"lazy\" srcset=\"https:\/\/www.proya.com.tr\/wp-content\/uploads\/2016\/10\/sektorel-kurumsal-cozumler.png 256w, https:\/\/www.proya.com.tr\/wp-content\/uploads\/2016\/10\/sektorel-kurumsal-cozumler-150x150.png 150w\" sizes=\"(max-width: 256px) 100vw, 256px\" \/>\t\t\t<\/div>\n\t\t\t\t<div class=\"mkdf-pi-content-holder\">\n\t\t\t\t\t\t\t<div class=\"mkdf-pi-title-holder\">\n\t\t\t\t\t<h6 class=\"mkdf-pi-title\">Corporate Solutions<\/h6>\n\t\t\t\t<\/div>\n\t\t\t\n\t\t\t\t\t\t<div class=\"mkdf-pi-text-holder\">\n\t\t\t\t<p>We serve you with the pride and experience of being the choice of leading corporate customers in their industry.<\/p>\n\t\t\t<\/div>\n\t\t\t\t\t<\/div>\n\t<\/div>\n<\/div>\t<\/div>\n<\/div>[vc_empty_space height=&#8221;50px&#8221;][\/vc_column][\/vc_row][vc_row content_width=&#8221;grid&#8221; first_background_color=&#8221;#020202&#8243; css=&#8221;.vc_custom_1475782502768{margin-top: 20px !important;margin-bottom: 40px !important;}&#8221;][vc_column][vc_empty_space height=&#8221;12px&#8221;][vc_column_text]<\/p>\n<h1 style=\"text-align: center;\"><span style=\"color: #5c4e6c;\">REFERENCES<\/span><\/h1>\n<p>[\/vc_column_text][vc_empty_space height=&#8221;40px&#8221;]<div class=\"mpc-carousel__wrapper mpc-waypoint\"><div id=\"mpc_carousel_image-8169dd08205399f\" class=\"mpc-carousel-image mpc-init mpc-layout--classic mpc-effect--none \"  data-mpcslick='{\"infinite\":true,\"autoplay\":true,\"slidesToShow\":8,\"slidesToScroll\":8,\"centerMode\":false,\"initialSlide\":0,\"autoplaySpeed\":1000,\"speed\":500}' data-slick-cols=\"8\"><div target=\"\"class=\"mpc-carousel__item-wrapper\" data-height=\"70\"><div onclick=\"\" class=\"mpc-item mpc-transition\"><div class=\"mpc-border\"><\/div><img width=\"150\" height=\"70\" src=\"https:\/\/www.proya.com.tr\/wp-content\/uploads\/2016\/09\/turk-telekom-logo-proya.jpg\" class=\"mpc-transition attachment-full\" alt=\"\" loading=\"lazy\" \/><\/div><\/div><div target=\"\"class=\"mpc-carousel__item-wrapper\" data-height=\"70\"><div onclick=\"\" class=\"mpc-item mpc-transition\"><div class=\"mpc-border\"><\/div><img width=\"150\" height=\"70\" src=\"https:\/\/www.proya.com.tr\/wp-content\/uploads\/2016\/09\/turksat-logo-proya.jpg\" class=\"mpc-transition attachment-full\" alt=\"\" loading=\"lazy\" \/><\/div><\/div><div target=\"\"class=\"mpc-carousel__item-wrapper\" data-height=\"70\"><div onclick=\"\" class=\"mpc-item mpc-transition\"><div class=\"mpc-border\"><\/div><img width=\"150\" height=\"70\" src=\"https:\/\/www.proya.com.tr\/wp-content\/uploads\/2016\/09\/turkcell-superonline-logo-proya.jpg\" class=\"mpc-transition attachment-full\" alt=\"\" loading=\"lazy\" \/><\/div><\/div><div target=\"\"class=\"mpc-carousel__item-wrapper\" data-height=\"70\"><div onclick=\"\" class=\"mpc-item mpc-transition\"><div class=\"mpc-border\"><\/div><img width=\"150\" height=\"70\" src=\"https:\/\/www.proya.com.tr\/wp-content\/uploads\/2016\/09\/turkcell-logo-proya.jpg\" class=\"mpc-transition attachment-full\" alt=\"\" loading=\"lazy\" \/><\/div><\/div><div target=\"\"class=\"mpc-carousel__item-wrapper\" data-height=\"70\"><div onclick=\"\" class=\"mpc-item mpc-transition\"><div class=\"mpc-border\"><\/div><img width=\"150\" height=\"70\" src=\"https:\/\/www.proya.com.tr\/wp-content\/uploads\/2016\/09\/turkcell-global-bilgi-logo-proya.jpg\" class=\"mpc-transition attachment-full\" alt=\"\" loading=\"lazy\" \/><\/div><\/div><div target=\"\"class=\"mpc-carousel__item-wrapper\" data-height=\"70\"><div onclick=\"\" class=\"mpc-item mpc-transition\"><div class=\"mpc-border\"><\/div><img width=\"150\" height=\"70\" src=\"https:\/\/www.proya.com.tr\/wp-content\/uploads\/2016\/09\/tubitak-logo-proya.jpg\" class=\"mpc-transition attachment-full\" alt=\"\" loading=\"lazy\" \/><\/div><\/div><div target=\"\"class=\"mpc-carousel__item-wrapper\" data-height=\"70\"><div onclick=\"\" class=\"mpc-item mpc-transition\"><div class=\"mpc-border\"><\/div><img width=\"150\" height=\"70\" src=\"https:\/\/www.proya.com.tr\/wp-content\/uploads\/2016\/09\/tofas-logo-proya.jpg\" class=\"mpc-transition attachment-full\" alt=\"\" loading=\"lazy\" \/><\/div><\/div><div target=\"\"class=\"mpc-carousel__item-wrapper\" data-height=\"70\"><div onclick=\"\" class=\"mpc-item mpc-transition\"><div class=\"mpc-border\"><\/div><img width=\"150\" height=\"70\" src=\"https:\/\/www.proya.com.tr\/wp-content\/uploads\/2016\/09\/teb-logo-proya.jpg\" class=\"mpc-transition attachment-full\" alt=\"\" loading=\"lazy\" \/><\/div><\/div><div target=\"\"class=\"mpc-carousel__item-wrapper\" data-height=\"70\"><div onclick=\"\" class=\"mpc-item mpc-transition\"><div class=\"mpc-border\"><\/div><img width=\"150\" height=\"70\" src=\"https:\/\/www.proya.com.tr\/wp-content\/uploads\/2016\/09\/softtech-logo-proya.jpg\" class=\"mpc-transition attachment-full\" alt=\"\" loading=\"lazy\" \/><\/div><\/div><div target=\"\"class=\"mpc-carousel__item-wrapper\" data-height=\"70\"><div onclick=\"\" class=\"mpc-item mpc-transition\"><div class=\"mpc-border\"><\/div><img width=\"150\" height=\"70\" src=\"https:\/\/www.proya.com.tr\/wp-content\/uploads\/2016\/09\/sgk-logo-proya.jpg\" class=\"mpc-transition attachment-full\" alt=\"\" loading=\"lazy\" \/><\/div><\/div><div target=\"\"class=\"mpc-carousel__item-wrapper\" data-height=\"70\"><div onclick=\"\" class=\"mpc-item mpc-transition\"><div class=\"mpc-border\"><\/div><img width=\"150\" height=\"70\" src=\"https:\/\/www.proya.com.tr\/wp-content\/uploads\/2016\/09\/roche-logo-proya.jpg\" class=\"mpc-transition attachment-full\" alt=\"\" loading=\"lazy\" \/><\/div><\/div><div target=\"\"class=\"mpc-carousel__item-wrapper\" data-height=\"70\"><div onclick=\"\" class=\"mpc-item mpc-transition\"><div class=\"mpc-border\"><\/div><img width=\"150\" height=\"70\" src=\"https:\/\/www.proya.com.tr\/wp-content\/uploads\/2016\/09\/rbs-logo-proya.jpg\" class=\"mpc-transition attachment-full\" alt=\"\" loading=\"lazy\" \/><\/div><\/div><div target=\"\"class=\"mpc-carousel__item-wrapper\" data-height=\"70\"><div onclick=\"\" class=\"mpc-item mpc-transition\"><div class=\"mpc-border\"><\/div><img width=\"150\" height=\"70\" src=\"https:\/\/www.proya.com.tr\/wp-content\/uploads\/2016\/09\/oracle-logo-proya.jpg\" class=\"mpc-transition attachment-full\" alt=\"\" loading=\"lazy\" \/><\/div><\/div><div target=\"\"class=\"mpc-carousel__item-wrapper\" data-height=\"70\"><div onclick=\"\" class=\"mpc-item mpc-transition\"><div class=\"mpc-border\"><\/div><img width=\"150\" height=\"70\" src=\"https:\/\/www.proya.com.tr\/wp-content\/uploads\/2016\/09\/optimize-logo-proya.jpg\" class=\"mpc-transition attachment-full\" alt=\"\" loading=\"lazy\" \/><\/div><\/div><div target=\"\"class=\"mpc-carousel__item-wrapper\" data-height=\"70\"><div onclick=\"\" class=\"mpc-item mpc-transition\"><div class=\"mpc-border\"><\/div><img width=\"150\" height=\"70\" src=\"https:\/\/www.proya.com.tr\/wp-content\/uploads\/2016\/09\/merkez-bankasi-logo-proya.jpg\" class=\"mpc-transition attachment-full\" alt=\"\" loading=\"lazy\" \/><\/div><\/div><div target=\"\"class=\"mpc-carousel__item-wrapper\" data-height=\"70\"><div onclick=\"\" class=\"mpc-item mpc-transition\"><div class=\"mpc-border\"><\/div><img width=\"150\" height=\"70\" src=\"https:\/\/www.proya.com.tr\/wp-content\/uploads\/2016\/09\/isnet-logo-proya.jpg\" class=\"mpc-transition attachment-full\" alt=\"\" loading=\"lazy\" \/><\/div><\/div><div target=\"\"class=\"mpc-carousel__item-wrapper\" data-height=\"70\"><div onclick=\"\" class=\"mpc-item mpc-transition\"><div class=\"mpc-border\"><\/div><img width=\"150\" height=\"70\" src=\"https:\/\/www.proya.com.tr\/wp-content\/uploads\/2016\/09\/ey-logo-proya.jpg\" class=\"mpc-transition attachment-full\" alt=\"\" loading=\"lazy\" \/><\/div><\/div><div target=\"\"class=\"mpc-carousel__item-wrapper\" data-height=\"70\"><div onclick=\"\" class=\"mpc-item mpc-transition\"><div class=\"mpc-border\"><\/div><img width=\"150\" height=\"70\" src=\"https:\/\/www.proya.com.tr\/wp-content\/uploads\/2016\/09\/fintek-logo-proya.jpg\" class=\"mpc-transition attachment-full\" alt=\"\" loading=\"lazy\" \/><\/div><\/div><div target=\"\"class=\"mpc-carousel__item-wrapper\" data-height=\"70\"><div onclick=\"\" class=\"mpc-item mpc-transition\"><div class=\"mpc-border\"><\/div><img width=\"150\" height=\"70\" src=\"https:\/\/www.proya.com.tr\/wp-content\/uploads\/2016\/09\/is-bankasi-logo-proya.jpg\" class=\"mpc-transition attachment-full\" alt=\"\" loading=\"lazy\" \/><\/div><\/div><div target=\"\"class=\"mpc-carousel__item-wrapper\" data-height=\"70\"><div onclick=\"\" class=\"mpc-item mpc-transition\"><div class=\"mpc-border\"><\/div><img width=\"150\" height=\"70\" src=\"https:\/\/www.proya.com.tr\/wp-content\/uploads\/2016\/09\/innova-logo-proya.jpg\" class=\"mpc-transition attachment-full\" alt=\"\" loading=\"lazy\" \/><\/div><\/div><div target=\"\"class=\"mpc-carousel__item-wrapper\" data-height=\"70\"><div onclick=\"\" class=\"mpc-item mpc-transition\"><div class=\"mpc-border\"><\/div><img width=\"150\" height=\"70\" src=\"https:\/\/www.proya.com.tr\/wp-content\/uploads\/2016\/09\/iett-logo-proya.jpg\" class=\"mpc-transition attachment-full\" alt=\"\" loading=\"lazy\" \/><\/div><\/div><div target=\"\"class=\"mpc-carousel__item-wrapper\" data-height=\"70\"><div onclick=\"\" class=\"mpc-item mpc-transition\"><div class=\"mpc-border\"><\/div><img width=\"150\" height=\"70\" src=\"https:\/\/www.proya.com.tr\/wp-content\/uploads\/2016\/09\/hsbc-logo-proya.jpg\" class=\"mpc-transition attachment-full\" alt=\"\" loading=\"lazy\" \/><\/div><\/div><div target=\"\"class=\"mpc-carousel__item-wrapper\" data-height=\"70\"><div onclick=\"\" class=\"mpc-item mpc-transition\"><div class=\"mpc-border\"><\/div><img width=\"150\" height=\"70\" src=\"https:\/\/www.proya.com.tr\/wp-content\/uploads\/2016\/09\/garanti-teknoloji-logo-proya.jpg\" class=\"mpc-transition attachment-full\" alt=\"\" loading=\"lazy\" \/><\/div><\/div><div target=\"\"class=\"mpc-carousel__item-wrapper\" data-height=\"70\"><div onclick=\"\" class=\"mpc-item mpc-transition\"><div class=\"mpc-border\"><\/div><img width=\"150\" height=\"70\" src=\"https:\/\/www.proya.com.tr\/wp-content\/uploads\/2016\/09\/eximbank-logo-proya.jpg\" class=\"mpc-transition attachment-full\" alt=\"\" loading=\"lazy\" \/><\/div><\/div><div target=\"\"class=\"mpc-carousel__item-wrapper\" data-height=\"70\"><div onclick=\"\" class=\"mpc-item mpc-transition\"><div class=\"mpc-border\"><\/div><img width=\"150\" height=\"70\" src=\"https:\/\/www.proya.com.tr\/wp-content\/uploads\/2016\/09\/ericsson-logo-proya.jpg\" class=\"mpc-transition attachment-full\" alt=\"\" loading=\"lazy\" \/><\/div><\/div><div target=\"\"class=\"mpc-carousel__item-wrapper\" data-height=\"70\"><div onclick=\"\" class=\"mpc-item mpc-transition\"><div class=\"mpc-border\"><\/div><img width=\"150\" height=\"70\" src=\"https:\/\/www.proya.com.tr\/wp-content\/uploads\/2016\/09\/citibank-logo-proya.jpg\" class=\"mpc-transition attachment-full\" alt=\"\" loading=\"lazy\" \/><\/div><\/div><div target=\"\"class=\"mpc-carousel__item-wrapper\" data-height=\"70\"><div onclick=\"\" class=\"mpc-item mpc-transition\"><div class=\"mpc-border\"><\/div><img width=\"150\" height=\"70\" src=\"https:\/\/www.proya.com.tr\/wp-content\/uploads\/2016\/09\/borsa-istanbul-logo-proya.jpg\" class=\"mpc-transition attachment-full\" alt=\"\" loading=\"lazy\" \/><\/div><\/div><div target=\"\"class=\"mpc-carousel__item-wrapper\" data-height=\"70\"><div onclick=\"\" class=\"mpc-item mpc-transition\"><div class=\"mpc-border\"><\/div><img width=\"150\" height=\"70\" src=\"https:\/\/www.proya.com.tr\/wp-content\/uploads\/2016\/09\/bizitek-logo-proya.jpg\" class=\"mpc-transition attachment-full\" alt=\"\" loading=\"lazy\" \/><\/div><\/div><div target=\"\"class=\"mpc-carousel__item-wrapper\" data-height=\"70\"><div onclick=\"\" class=\"mpc-item mpc-transition\"><div class=\"mpc-border\"><\/div><img width=\"150\" height=\"70\" src=\"https:\/\/www.proya.com.tr\/wp-content\/uploads\/2016\/09\/avea-logo-proya.jpg\" class=\"mpc-transition attachment-full\" alt=\"\" loading=\"lazy\" \/><\/div><\/div><div target=\"\"class=\"mpc-carousel__item-wrapper\" data-height=\"70\"><div onclick=\"\" class=\"mpc-item mpc-transition\"><div class=\"mpc-border\"><\/div><img width=\"150\" height=\"70\" src=\"https:\/\/www.proya.com.tr\/wp-content\/uploads\/2016\/09\/assist-logo-proya.jpg\" class=\"mpc-transition attachment-full\" alt=\"\" loading=\"lazy\" \/><\/div><\/div><div target=\"\"class=\"mpc-carousel__item-wrapper\" data-height=\"70\"><div onclick=\"\" class=\"mpc-item mpc-transition\"><div class=\"mpc-border\"><\/div><img width=\"150\" height=\"70\" src=\"https:\/\/www.proya.com.tr\/wp-content\/uploads\/2016\/09\/anadolu-sigorta-logo-proya.jpg\" class=\"mpc-transition attachment-full\" alt=\"\" loading=\"lazy\" \/><\/div><\/div><div target=\"\"class=\"mpc-carousel__item-wrapper\" data-height=\"70\"><div onclick=\"\" class=\"mpc-item mpc-transition\"><div class=\"mpc-border\"><\/div><img width=\"150\" height=\"70\" src=\"https:\/\/www.proya.com.tr\/wp-content\/uploads\/2016\/09\/aselsan-logo-proya.jpg\" class=\"mpc-transition attachment-full\" alt=\"\" loading=\"lazy\" \/><\/div><\/div><div target=\"\"class=\"mpc-carousel__item-wrapper\" data-height=\"70\"><div onclick=\"\" class=\"mpc-item mpc-transition\"><div class=\"mpc-border\"><\/div><img width=\"150\" height=\"70\" src=\"https:\/\/www.proya.com.tr\/wp-content\/uploads\/2016\/09\/ziraat-teknoloji-logo-proya.jpg\" class=\"mpc-transition attachment-full\" alt=\"\" loading=\"lazy\" \/><\/div><\/div><div target=\"\"class=\"mpc-carousel__item-wrapper\" data-height=\"70\"><div onclick=\"\" class=\"mpc-item mpc-transition\"><div class=\"mpc-border\"><\/div><img width=\"150\" height=\"70\" src=\"https:\/\/www.proya.com.tr\/wp-content\/uploads\/2016\/10\/tanap-logo-proya-1.jpg\" class=\"mpc-transition attachment-full\" alt=\"\" loading=\"lazy\" \/><\/div><\/div><div target=\"\"class=\"mpc-carousel__item-wrapper\" data-height=\"70\"><div onclick=\"\" class=\"mpc-item mpc-transition\"><div class=\"mpc-border\"><\/div><img width=\"150\" height=\"70\" src=\"https:\/\/www.proya.com.tr\/wp-content\/uploads\/2016\/10\/socar-logo-proya-2.jpg\" class=\"mpc-transition attachment-full\" alt=\"\" loading=\"lazy\" \/><\/div><\/div><\/div><div class=\"mpc-navigation mpc-init mpc-align--left mpc-navigation--style_6  mpc-nav-preset--mpc_preset_11\" data-mpcslider=\"mpc_carousel_image-8169dd08205399f\"><div class=\"mpc-nav__arrow mpcslick-prev\"><div class=\"mpc-nav__icon mpc-transition\"><i class=\" eti eti_arrow_carrot-left\"><div class=\"mpc-nav__background mpc-transition mpc-effect-type--fade mpc-effect-side--in\"><\/div><\/i><\/div><\/div><\/div><div class=\"mpc-navigation mpc-init mpc-align--left mpc-navigation--style_6  mpc-nav-preset--mpc_preset_11\" data-mpcslider=\"mpc_carousel_image-8169dd08205399f\"><div class=\"mpc-nav__arrow mpcslick-next\"><div class=\"mpc-nav__icon mpc-transition\"><i class=\" eti eti_arrow_carrot-right\"><div class=\"mpc-nav__background mpc-transition mpc-effect-type--fade mpc-effect-side--in\"><\/div><\/i><\/div><\/div><\/div><\/div>[vc_empty_space height=&#8221;50px&#8221;][\/vc_column][\/vc_row]<\/p>\n","protected":false},"excerpt":{"rendered":"<p>[vc_row][vc_column][rev_slider_vc alias=&#8221;original-home-en&#8221;][\/vc_column][\/vc_row][vc_row content_width=&#8221;grid&#8221; first_background_type=&#8221;image&#8221; enable_second_overlay=&#8221;true&#8221; second_overlay_opacity=&#8221;10&#8243; second_background_type=&#8221;image&#8221; second_background_image=&#8221;9576&#8243; second_background_image_size=&#8221;full&#8221; second_background_repeat=&#8221;repeat&#8221;][vc_column][vc_empty_space height=&#8221;50px&#8221;][\/vc_column][\/vc_row][vc_row content_width=&#8221;grid&#8221; first_background_color=&#8221;#020202&#8243; css=&#8221;.vc_custom_1475782502768{margin-top: 20px !important;margin-bottom: 40px !important;}&#8221;][vc_column][vc_empty_space height=&#8221;12px&#8221;][vc_column_text] REFERENCES [\/vc_column_text][vc_empty_space height=&#8221;40px&#8221;][vc_empty_space height=&#8221;50px&#8221;][\/vc_column][\/vc_row]<\/p>\n","protected":false},"author":1,"featured_media":0,"parent":0,"menu_order":0,"comment_status":"closed","ping_status":"closed","template":"full-width.php","meta":[],"categories":[],"tags":[],"aioseo_notices":[],"_links":{"self":[{"href":"https:\/\/www.proya.com.tr\/en\/wp-json\/wp\/v2\/pages\/14703"}],"collection":[{"href":"https:\/\/www.proya.com.tr\/en\/wp-json\/wp\/v2\/pages"}],"about":[{"href":"https:\/\/www.proya.com.tr\/en\/wp-json\/wp\/v2\/types\/page"}],"author":[{"embeddable":true,"href":"https:\/\/www.proya.com.tr\/en\/wp-json\/wp\/v2\/users\/1"}],"replies":[{"embeddable":true,"href":"https:\/\/www.proya.com.tr\/en\/wp-json\/wp\/v2\/comments?post=14703"}],"version-history":[{"count":2,"href":"https:\/\/www.proya.com.tr\/en\/wp-json\/wp\/v2\/pages\/14703\/revisions"}],"predecessor-version":[{"id":16025,"href":"https:\/\/www.proya.com.tr\/en\/wp-json\/wp\/v2\/pages\/14703\/revisions\/16025"}],"wp:attachment":[{"href":"https:\/\/www.proya.com.tr\/en\/wp-json\/wp\/v2\/media?parent=14703"}],"wp:term":[{"taxonomy":"category","embeddable":true,"href":"https:\/\/www.proya.com.tr\/en\/wp-json\/wp\/v2\/categories?post=14703"},{"taxonomy":"post_tag","embeddable":true,"href":"https:\/\/www.proya.com.tr\/en\/wp-json\/wp\/v2\/tags?post=14703"}],"curies":[{"name":"wp","href":"https:\/\/api.w.org\/{rel}","templated":true}]}}