{"id":15159,"date":"2020-06-19T00:59:37","date_gmt":"2020-06-18T21:59:37","guid":{"rendered":"https:\/\/www.proya.com.tr\/?page_id=15159"},"modified":"2020-08-25T22:07:20","modified_gmt":"2020-08-25T19:07:20","slug":"olta-la","status":"publish","type":"page","link":"https:\/\/www.proya.com.tr\/en\/olta-la\/","title":{"rendered":"Olta.la"},"content":{"rendered":"<p>[vc_row css=&#8221;.vc_custom_1592517539571{padding-left: 5% !important;background-image: url(https:\/\/www.proya.com.tr\/wp-content\/uploads\/2020\/06\/oltala-1.jpg?id=13624) !important;}&#8221;][vc_column css=&#8221;.vc_custom_1474490360423{padding-right: 9% !important;}&#8221;][vc_empty_space height=&#8221;30px&#8221;][vc_column_text]<\/p>\n<h3><span style=\"color: #ffffff;\">Olta.la<\/span><\/h3>\n<p>[\/vc_column_text][vc_column_text]<\/p>\n<h5><span style=\"color: #ffffff; font-weight: 400;\">Phishing Simulation &amp; Awareness Training<\/span><\/h5>\n<p>[\/vc_column_text][vc_empty_space height=&#8221;60px&#8221;][\/vc_column][\/vc_row][vc_row enable_top_separator=&#8221;true&#8221; top_separator_style=&#8221;slope-right&#8221; top_separator_color=&#8221;#e6e4e4&#8243;][vc_column][\/vc_column][\/vc_row][vc_row][vc_column width=&#8221;2\/3&#8243; css=&#8221;.vc_custom_1476278814474{padding-right: 10% !important;padding-left: 10% !important;}&#8221;][vc_single_image image=&#8221;13618&#8243; img_size=&#8221;full&#8221; alignment=&#8221;center&#8221;][vc_empty_space height=&#8221;20px&#8221;][vc_column_text css=&#8221;.vc_custom_1598381897786{padding-bottom: 20px !important;}&#8221;]<\/p>\n<h5 style=\"text-align: center;\"><span style=\"color: #4dabff;\">Test Security Awareness of Employees<\/span><\/h5>\n<p>[\/vc_column_text][vc_column_text]The human factor is one of the factors that can threaten the integrity, accessibility and confidentiality of the data in an organization. This lack of control over employees provides a great basis for phishing attacks.<\/p>\n<p>With Olta.la, you can test and raise awareness of your employees&#8217; cyber security awareness, social engineering tactics and sensitivity to ransomware attacks.[\/vc_column_text][vc_column_text css=&#8221;.vc_custom_1598381920280{padding-bottom: 20px !important;}&#8221;]<\/p>\n<h5 style=\"text-align: center;\"><span style=\"color: #4dabff;\">Phishing Template Library<\/span><\/h5>\n<p>[\/vc_column_text][vc_column_text]<\/p>\n<ul>\n<li>300+ ready-made email templates<\/li>\n<li>HTML &amp; rich text infrastructure for template preparation<\/li>\n<li>Creating a welcome &amp; referral page<\/li>\n<li>Sending e-mail with the name \/ surname specific<\/li>\n<li>Awareness and knowledge entry tests<\/li>\n<li>Attached and downloadable file tests (Word, Excel, PDF and HTML)<\/li>\n<li>Edit sender name, address and subject<\/li>\n<\/ul>\n<p>[\/vc_column_text][vc_column_text css=&#8221;.vc_custom_1598381957332{padding-bottom: 20px !important;}&#8221;]<\/p>\n<h5 style=\"text-align: center;\"><span style=\"color: #4dabff;\">USB Simulation Test<\/span><\/h5>\n<p>[\/vc_column_text][vc_column_text]<strong>Find out what your users&#8217; reactions to unknown USBs are.<\/strong><\/p>\n<ul>\n<li>\u00a0Download your custom &#8220;bookmarked&#8221; file.<\/li>\n<li>Copy to any USB, tag it.<\/li>\n<li>Leave it to specific areas of your institution.<\/li>\n<\/ul>\n<p><strong>Be aware of the danger.<\/strong>[\/vc_column_text][vc_column_text css=&#8221;.vc_custom_1598382002519{padding-bottom: 20px !important;}&#8221;]<\/p>\n<h5 style=\"text-align: center;\"><span style=\"color: #4dabff;\">Reporting<\/span><\/h5>\n<p>[\/vc_column_text][vc_column_text]<strong>Follow-up of the grading of the department, group, staff and the entire institution.<\/strong><br \/>\nEnterprise report<br \/>\nPersonnel scorecard<br \/>\nGroup report<br \/>\nDepartment report[\/vc_column_text][vc_empty_space height=&#8221;30px&#8221;]<a href=\"https:\/\/www.proya.com.tr\/en\/contact\/\" title=\"Proya Contact\"  data-id=\"mpc_button-969dd0a372e0f3\" class=\"mpc-button mpc-init mpc-transition mpc-typography--mpc_preset_20 mpc-display--block \" ><div class=\"mpc-button__content mpc-effect-type--none mpc-effect-side--none\"><span class=\"mpc-button__title mpc-transition\">Get Information Now<\/span><\/div><div class=\"mpc-button__background mpc-transition mpc-effect-type--slide mpc-effect-side--right\"><\/div><\/a>[vc_empty_space][\/vc_column][vc_column width=&#8221;1\/4&#8243; enable_sticky=&#8221;true&#8221; sticky_offset=&#8221;100&#8243; css=&#8221;.vc_custom_1476278940659{padding-right: 10% !important;padding-left: 10% !important;border-radius: 5px !important;}&#8221;][vc_column_text css=&#8221;.vc_custom_1475715004235{padding-bottom: 20px !important;}&#8221;]<\/p>\n<h6><span style=\"color: #294b8b; font-weight: 500;\"> D\u0130\u011eER \u00dcRET\u0130C\u0130LER<\/span><\/h6>\n<p>[\/vc_column_text]<a href=\"http:\/\/www.proya.com.tr\/hemss-lumension\/\" title=\"Heat Software\"  data-id=\"mpc_button-8169dd0a372e2a4\" class=\"mpc-button mpc-init mpc-transition mpc-typography--mpc_preset_16 mpc-display--block \" ><div class=\"mpc-button__content mpc-effect-type--stay mpc-effect-side--left\"><i class=\"mpc-button__icon mpc-transition  icnm icnm-IcoMoon\"><\/i><span class=\"mpc-button__title mpc-transition\">HEAT Software (Lumension)<\/span><\/div><div class=\"mpc-button__background mpc-transition mpc-effect-type--fade mpc-effect-side--in\"><\/div><\/a><a href=\"http:\/\/www.proya.com.tr\/beyondtrust\/\" title=\"beyondtrust\"  data-id=\"mpc_button-7869dd0a372e367\" class=\"mpc-button mpc-init mpc-transition mpc-typography--mpc_preset_16 mpc-display--block \" ><div class=\"mpc-button__content mpc-effect-type--stay mpc-effect-side--left\"><i class=\"mpc-button__icon mpc-transition  icnm icnm-play2\"><\/i><span class=\"mpc-button__title mpc-transition\">BeyondTrust<\/span><\/div><div class=\"mpc-button__background mpc-transition mpc-effect-type--fade mpc-effect-side--in\"><\/div><\/a><a href=\"http:\/\/www.proya.com.tr\/alien-vault\/\" title=\"alien vault\"  data-id=\"mpc_button-269dd0a372e41f\" class=\"mpc-button mpc-init mpc-transition mpc-typography--mpc_preset_16 mpc-display--block \" ><div class=\"mpc-button__content mpc-effect-type--stay mpc-effect-side--left\"><i class=\"mpc-button__icon mpc-transition  icnm icnm-reddit\"><\/i><span class=\"mpc-button__title mpc-transition\">AlienVault<\/span><\/div><div class=\"mpc-button__background mpc-transition mpc-effect-type--fade mpc-effect-side--in\"><\/div><\/a><a href=\"https:\/\/www.proya.com.tr\/forescout\/\" title=\"ForeScout\"  data-id=\"mpc_button-9969dd0a372e4e1\" class=\"mpc-button mpc-init mpc-transition mpc-typography--mpc_preset_16 mpc-display--block \" ><div class=\"mpc-button__content mpc-effect-type--stay mpc-effect-side--left\"><i class=\"mpc-button__icon mpc-transition  lnr lnr-eye\"><\/i><span class=\"mpc-button__title mpc-transition\">ForeScout<\/span><\/div><div class=\"mpc-button__background mpc-transition mpc-effect-type--fade mpc-effect-side--in\"><\/div><\/a><a href=\"http:\/\/www.proya.com.tr\/mojo\/\" title=\"mojo\"  data-id=\"mpc_button-969dd0a372e582\" class=\"mpc-button mpc-init mpc-transition mpc-typography--mpc_preset_16 mpc-display--block \" ><div class=\"mpc-button__content mpc-effect-type--stay mpc-effect-side--left\"><i class=\"mpc-button__icon mpc-transition  fa fa-angle-double-up\"><\/i><span class=\"mpc-button__title mpc-transition\">Mojo (Airtight)<\/span><\/div><div class=\"mpc-button__background mpc-transition mpc-effect-type--fade mpc-effect-side--in\"><\/div><\/a><a href=\"http:\/\/www.proya.com.tr\/watchful\/\" title=\"watchful\"  data-id=\"mpc_button-7069dd0a372e613\" class=\"mpc-button mpc-init mpc-transition mpc-typography--mpc_preset_16 mpc-display--block \" ><div class=\"mpc-button__content mpc-effect-type--stay mpc-effect-side--left\"><i class=\"mpc-button__icon mpc-transition  icnm icnm-eye\"><\/i><span class=\"mpc-button__title mpc-transition\">WatchFul<\/span><\/div><div class=\"mpc-button__background mpc-transition mpc-effect-type--fade mpc-effect-side--in\"><\/div><\/a>[vc_empty_space][\/vc_column][vc_column][\/vc_column][\/vc_row][vc_row enable_bottom_separator=&#8221;true&#8221; bottom_separator_style=&#8221;arrow-right&#8221; bottom_separator_color=&#8221;#e6e4e4&#8243;][vc_column][\/vc_column][\/vc_row]<\/p>\n","protected":false},"excerpt":{"rendered":"<p>[vc_row css=&#8221;.vc_custom_1592517539571{padding-left: 5% !important;background-image: url(https:\/\/www.proya.com.tr\/wp-content\/uploads\/2020\/06\/oltala-1.jpg?id=13624) !important;}&#8221;][vc_column css=&#8221;.vc_custom_1474490360423{padding-right: 9% !important;}&#8221;][vc_empty_space height=&#8221;30px&#8221;][vc_column_text] Olta.la [\/vc_column_text][vc_column_text] Phishing Simulation &amp; Awareness Training [\/vc_column_text][vc_empty_space height=&#8221;60px&#8221;][\/vc_column][\/vc_row][vc_row enable_top_separator=&#8221;true&#8221; top_separator_style=&#8221;slope-right&#8221; top_separator_color=&#8221;#e6e4e4&#8243;][vc_column][\/vc_column][\/vc_row][vc_row][vc_column width=&#8221;2\/3&#8243; css=&#8221;.vc_custom_1476278814474{padding-right: 10% !important;padding-left: 10% !important;}&#8221;][vc_single_image image=&#8221;13618&#8243; img_size=&#8221;full&#8221; alignment=&#8221;center&#8221;][vc_empty_space height=&#8221;20px&#8221;][vc_column_text css=&#8221;.vc_custom_1598381897786{padding-bottom: 20px !important;}&#8221;] Test Security Awareness of Employees<\/p>\n","protected":false},"author":1,"featured_media":0,"parent":0,"menu_order":0,"comment_status":"closed","ping_status":"closed","template":"full-width.php","meta":[],"categories":[],"tags":[],"aioseo_notices":[],"_links":{"self":[{"href":"https:\/\/www.proya.com.tr\/en\/wp-json\/wp\/v2\/pages\/15159"}],"collection":[{"href":"https:\/\/www.proya.com.tr\/en\/wp-json\/wp\/v2\/pages"}],"about":[{"href":"https:\/\/www.proya.com.tr\/en\/wp-json\/wp\/v2\/types\/page"}],"author":[{"embeddable":true,"href":"https:\/\/www.proya.com.tr\/en\/wp-json\/wp\/v2\/users\/1"}],"replies":[{"embeddable":true,"href":"https:\/\/www.proya.com.tr\/en\/wp-json\/wp\/v2\/comments?post=15159"}],"version-history":[{"count":0,"href":"https:\/\/www.proya.com.tr\/en\/wp-json\/wp\/v2\/pages\/15159\/revisions"}],"wp:attachment":[{"href":"https:\/\/www.proya.com.tr\/en\/wp-json\/wp\/v2\/media?parent=15159"}],"wp:term":[{"taxonomy":"category","embeddable":true,"href":"https:\/\/www.proya.com.tr\/en\/wp-json\/wp\/v2\/categories?post=15159"},{"taxonomy":"post_tag","embeddable":true,"href":"https:\/\/www.proya.com.tr\/en\/wp-json\/wp\/v2\/tags?post=15159"}],"curies":[{"name":"wp","href":"https:\/\/api.w.org\/{rel}","templated":true}]}}