{"id":15244,"date":"2019-05-16T17:16:32","date_gmt":"2019-05-16T14:16:32","guid":{"rendered":"https:\/\/www.proya.com.tr\/?page_id=15244"},"modified":"2020-08-27T02:09:41","modified_gmt":"2020-08-26T23:09:41","slug":"infinidat","status":"publish","type":"page","link":"https:\/\/www.proya.com.tr\/en\/infinidat\/","title":{"rendered":"INFINIDAT"},"content":{"rendered":"<p>[vc_row css=&#8221;.vc_custom_1553795719769{padding-left: 5% !important;background-image: url(https:\/\/www.proya.com.tr\/wp-content\/uploads\/2019\/03\/jj.jpg?id=13105) !important;}&#8221;][vc_column css=&#8221;.vc_custom_1474490360423{padding-right: 9% !important;}&#8221;][vc_empty_space height=&#8221;30px&#8221;][vc_column_text]<\/p>\n<h3><span style=\"color: #ffffff;\">INFINIDAT<\/span><\/h3>\n<p>[\/vc_column_text][vc_empty_space height=&#8221;50px&#8221;][\/vc_column][\/vc_row][vc_row][vc_column width=&#8221;2\/3&#8243; css=&#8221;.vc_custom_1476278814474{padding-right: 10% !important;padding-left: 10% !important;}&#8221;][vc_column_text css=&#8221;.vc_custom_1598483070310{padding-top: 20px !important;padding-bottom: 20px !important;}&#8221;]<\/p>\n<h5><span style=\"color: #008d8d;\">InfiniBox<\/span><\/h5>\n<p>[\/vc_column_text][vc_column_text css=&#8221;.vc_custom_1598483082032{padding-bottom: 10px !important;}&#8221;]The InfiniBox\u00ae enterprise storage system delivers faster than all-flash performance, hyperscale capacity, and bulletproof reliability, built for the most demanding workloads in enterprise data centers. Infinite zero-impact snapshots, dependable active\/active, synchronous &amp; asynchronous replication, and flexible, software-defined quality of service come standard, with guaranteed reliability and data security.[\/vc_column_text][vc_column_text css=&#8221;.vc_custom_1598483283412{padding-bottom: 10px !important;}&#8221;]<\/p>\n<h6><img loading=\"lazy\" class=\"alignleft wp-image-13132\" src=\"https:\/\/www.proya.com.tr\/wp-content\/uploads\/2019\/05\/infinibox.png\" alt=\"\" width=\"322\" height=\"1071\" \/><span style=\"color: #008d8d;\">HIGH PERFORMANCE<\/span><\/h6>\n<p>A truly innovative and effective cache management algorithm (Neural Cache), combined with an ultra-efficient data layout, delivers high throughput, at microsecond latency. NVMe-oF and storage class memory (SCM) readiness preserves InfiniBox\u2019s competitive advantages as customers\u2019 infrastructures continue to evolve.<\/p>\n<h6><span style=\"color: #008d8d;\">MULTI-PETABYTE SCALE<\/span><\/h6>\n<p>Maximum system capacity utilization is possible due to extremely efficient thin provisioning, continuous space reclamation, and inline data compression. Consolidating multiple systems is easy to accomplish and remarkably cost-effective, especially with a single 42U rack that scales to well over 8PB of effective capacity.<\/p>\n<h6><span style=\"color: #008d8d;\">HIGH AVAILABILITY AND RELIABILITY<\/span><\/h6>\n<p>InfiniBox\u2019s self-healing architecture, leveraging our patented InfiniRaid data layout and predictive failure analysis, delivers the industry\u2019s highest availability and non-disruptive upgrades. The InfiniBox hardware redundancy design (n+2) enables rapid recovery from any component failure.<\/p>\n<h6><span style=\"color: #008d8d;\">BUSINESS AGILITY AND CONTINUITY<\/span><\/h6>\n<p>Space-efficient, zero-impact snapshots simplify data protection as well as accelerating agile development and quality assurance with nearly infinite copies of your data. Integrated synchronous, asynchronous, and active\/active replication provide the highest levels of data availability for business continuity and disaster recovery.<\/p>\n<h6><span style=\"color: #008d8d;\">SIMPLE AND POWERFUL MANAGEMENT FOR MULTI-TENANT ENVIRONMENTS<\/span><\/h6>\n<p>InfiniVerse, our cloud-based analytics tool, monitors, reports, provides insights into your Infinidat estate, and predicts the impact of infrastructure changes to performance. Element management is done via the InfiniBox GUI, an intuitive HTML5 GUI, that simplifies the most complex storage management operations. A comprehensive RESTful API and a powerful CLI help automate complex tasks. Quality of Service capabilities facilitate service level coordination across tenants, workloads, and volumes.<\/p>\n<h6><span style=\"color: #008d8d;\">UNIFIED STORAGE<\/span><\/h6>\n<p>InfiniBox provides FC, iSCSI, NFSv3 and SMB protocols concurrently, in a single platform, making it easier to consolidate workloads. Eliminate multiple arrays and related service contracts with a single InfiniBox.<\/p>\n<h6><span style=\"color: #008d8d;\">CONNECTIVITY AND INTEGRATION<\/span><\/h6>\n<p>InfiniBox integrates with critical business applications in your data center using native interfaces. Host PowerTools, our intuitive host connectivity and storage provisioning tool, reduces management tasks from days or hours to seconds![\/vc_column_text][vc_empty_space height=&#8221;50px&#8221;]<a href=\"https:\/\/www.proya.com.tr\/en\/contact\/\" title=\"Get Information Now\"  data-id=\"mpc_button-8369dd0a36d688b\" class=\"mpc-button mpc-init mpc-transition mpc-typography--mpc_preset_20 mpc-display--block \" ><div class=\"mpc-button__content mpc-effect-type--none mpc-effect-side--none\"><span class=\"mpc-button__title mpc-transition\">Get Information Now<\/span><\/div><div class=\"mpc-button__background mpc-transition mpc-effect-type--slide mpc-effect-side--right\"><\/div><\/a>[vc_empty_space height=&#8221;50px&#8221;][\/vc_column][vc_column width=&#8221;1\/4&#8243; enable_sticky=&#8221;true&#8221; sticky_offset=&#8221;100&#8243; css=&#8221;.vc_custom_1476278940659{padding-right: 10% !important;padding-left: 10% !important;border-radius: 5px !important;}&#8221;][vc_column_text css=&#8221;.vc_custom_1510739309534{padding-top: 20px !important;padding-bottom: 20px !important;}&#8221;]<\/p>\n<h6><span style=\"color: #244686; font-weight: 500;\"> D\u0130\u011eER BT \u00c7\u00d6Z\u00dcMLER\u0130M\u0130Z<\/span><\/h6>\n<p>[\/vc_column_text]<a href=\"https:\/\/www.proya.com.tr\/manageengine\/\" title=\"ManageEngine\"  data-id=\"mpc_button-1269dd0a36d6a31\" class=\"mpc-button mpc-init mpc-transition mpc-typography--mpc_preset_16 mpc-display--block \" ><div class=\"mpc-button__content mpc-effect-type--stay mpc-effect-side--left\"><i class=\"mpc-button__icon mpc-transition  fa fa-chevron-right\"><\/i><span class=\"mpc-button__title mpc-transition\">ManageEngine<\/span><\/div><div class=\"mpc-button__background mpc-transition mpc-effect-type--fade mpc-effect-side--in\"><\/div><\/a><a href=\"https:\/\/www.proya.com.tr\/hpe-simplivity\/\" title=\"HPE SimpliVity\"  data-id=\"mpc_button-3769dd0a36d6b5b\" class=\"mpc-button mpc-init mpc-transition mpc-typography--mpc_preset_16 mpc-display--block \" ><div class=\"mpc-button__content mpc-effect-type--stay mpc-effect-side--left\"><i class=\"mpc-button__icon mpc-transition  fa fa-chevron-right\"><\/i><span class=\"mpc-button__title mpc-transition\">HPE SimpliVity<\/span><\/div><div class=\"mpc-button__background mpc-transition mpc-effect-type--fade mpc-effect-side--in\"><\/div><\/a><a href=\"https:\/\/www.proya.com.tr\/open-it\/\" title=\"Open iT\"  data-id=\"mpc_button-8369dd0a36d6c56\" class=\"mpc-button mpc-init mpc-transition mpc-typography--mpc_preset_16 mpc-display--block \" ><div class=\"mpc-button__content mpc-effect-type--stay mpc-effect-side--left\"><i class=\"mpc-button__icon mpc-transition  fa fa-chevron-right\"><\/i><span class=\"mpc-button__title mpc-transition\">Open iT<\/span><\/div><div class=\"mpc-button__background mpc-transition mpc-effect-type--fade mpc-effect-side--in\"><\/div><\/a><a href=\"https:\/\/www.proya.com.tr\/bt-servis-yonetimi\/\" title=\"BT Servis Y\u00f6netimi\"  data-id=\"mpc_button-8169dd0a36d6d3d\" class=\"mpc-button mpc-init mpc-transition mpc-typography--mpc_preset_16 mpc-display--block \" ><div class=\"mpc-button__content mpc-effect-type--stay mpc-effect-side--left\"><i class=\"mpc-button__icon mpc-transition  fa fa-chevron-right\"><\/i><span class=\"mpc-button__title mpc-transition\">BT Servis Y\u00f6netimi<\/span><\/div><div class=\"mpc-button__background mpc-transition mpc-effect-type--fade mpc-effect-side--in\"><\/div><\/a>[vc_empty_space height=&#8221;20px&#8221;][\/vc_column][\/vc_row]<\/p>\n","protected":false},"excerpt":{"rendered":"<p>[vc_row css=&#8221;.vc_custom_1553795719769{padding-left: 5% !important;background-image: url(https:\/\/www.proya.com.tr\/wp-content\/uploads\/2019\/03\/jj.jpg?id=13105) !important;}&#8221;][vc_column css=&#8221;.vc_custom_1474490360423{padding-right: 9% !important;}&#8221;][vc_empty_space height=&#8221;30px&#8221;][vc_column_text] INFINIDAT [\/vc_column_text][vc_empty_space height=&#8221;50px&#8221;][\/vc_column][\/vc_row][vc_row][vc_column width=&#8221;2\/3&#8243; css=&#8221;.vc_custom_1476278814474{padding-right: 10% !important;padding-left: 10% !important;}&#8221;][vc_column_text css=&#8221;.vc_custom_1598483070310{padding-top: 20px !important;padding-bottom: 20px !important;}&#8221;] InfiniBox [\/vc_column_text][vc_column_text css=&#8221;.vc_custom_1598483082032{padding-bottom: 10px !important;}&#8221;]The InfiniBox\u00ae enterprise storage system delivers faster than all-flash performance, hyperscale capacity,<\/p>\n","protected":false},"author":1,"featured_media":0,"parent":0,"menu_order":0,"comment_status":"closed","ping_status":"closed","template":"full-width.php","meta":[],"categories":[],"tags":[],"aioseo_notices":[],"_links":{"self":[{"href":"https:\/\/www.proya.com.tr\/en\/wp-json\/wp\/v2\/pages\/15244"}],"collection":[{"href":"https:\/\/www.proya.com.tr\/en\/wp-json\/wp\/v2\/pages"}],"about":[{"href":"https:\/\/www.proya.com.tr\/en\/wp-json\/wp\/v2\/types\/page"}],"author":[{"embeddable":true,"href":"https:\/\/www.proya.com.tr\/en\/wp-json\/wp\/v2\/users\/1"}],"replies":[{"embeddable":true,"href":"https:\/\/www.proya.com.tr\/en\/wp-json\/wp\/v2\/comments?post=15244"}],"version-history":[{"count":0,"href":"https:\/\/www.proya.com.tr\/en\/wp-json\/wp\/v2\/pages\/15244\/revisions"}],"wp:attachment":[{"href":"https:\/\/www.proya.com.tr\/en\/wp-json\/wp\/v2\/media?parent=15244"}],"wp:term":[{"taxonomy":"category","embeddable":true,"href":"https:\/\/www.proya.com.tr\/en\/wp-json\/wp\/v2\/categories?post=15244"},{"taxonomy":"post_tag","embeddable":true,"href":"https:\/\/www.proya.com.tr\/en\/wp-json\/wp\/v2\/tags?post=15244"}],"curies":[{"name":"wp","href":"https:\/\/api.w.org\/{rel}","templated":true}]}}