{"id":15251,"date":"2016-11-07T22:53:59","date_gmt":"2016-11-07T19:53:59","guid":{"rendered":"https:\/\/www.proya.com.tr\/?page_id=15251"},"modified":"2020-08-27T17:26:30","modified_gmt":"2020-08-27T14:26:30","slug":"watchguard","status":"publish","type":"page","link":"https:\/\/www.proya.com.tr\/en\/watchguard\/","title":{"rendered":"WatchGuard"},"content":{"rendered":"<p>[vc_row css=&#8221;.vc_custom_1598531278512{padding-left: 5% !important;background-image: url(https:\/\/www.proya.com.tr\/wp-content\/uploads\/2020\/08\/watchguard-header.jpg?id=15249) !important;}&#8221;][vc_column css=&#8221;.vc_custom_1474490360423{padding-right: 9% !important;}&#8221;][vc_empty_space height=&#8221;30px&#8221;][vc_column_text]<\/p>\n<h3><span style=\"color: #ffffff;\">WatchGuard<\/span><\/h3>\n<p>[\/vc_column_text][vc_column_text]<\/p>\n<h5><span style=\"color: #ffffff; font-weight: 400;\">One Platform, Total Security<\/span><\/h5>\n<p>[\/vc_column_text][vc_empty_space height=&#8221;60px&#8221;][\/vc_column][\/vc_row][vc_row css=&#8221;.vc_custom_1478556839443{margin-top: 2px !important;}&#8221;][vc_column][vc_single_image image=&#8221;11226&#8243; img_size=&#8221;full&#8221;][\/vc_column][\/vc_row][vc_row][vc_column width=&#8221;2\/3&#8243; css=&#8221;.vc_custom_1476278814474{padding-right: 10% !important;padding-left: 10% !important;}&#8221;][vc_column_text css=&#8221;.vc_custom_1598536370947{padding-top: 20px !important;padding-bottom: 20px !important;}&#8221;]<\/p>\n<h3><span style=\"color: #fc0000;\">One Platform, Total Security<\/span><\/h3>\n<p>[\/vc_column_text][vc_column_text css=&#8221;.vc_custom_1598536394549{padding-bottom: 10px !important;}&#8221;]Our unique approach to network security focuses on bringing best-in-class, enterprise-grade security to any organization, regardless of size or technical expertise. Ideal for midsize businesses and distributed enterprises, our award-winning Unified Threat Management (UTM) platform is designed from the ground up to focus on ease of deployment, use, and ongoing management, in addition to providing the strongest security possible.[\/vc_column_text][vc_column_text css=&#8221;.vc_custom_1598538086713{padding-bottom: 10px !important;}&#8221;]<span style=\"color: #fc0000;\"><strong>WatchGuard Security Solutions<\/strong><\/span>[\/vc_column_text][vc_empty_space height=&#8221;20px&#8221;][vc_single_image image=&#8221;15259&#8243; img_size=&#8221;full&#8221; alignment=&#8221;center&#8221;][vc_empty_space height=&#8221;20px&#8221;][vc_column_text css=&#8221;.vc_custom_1598538257569{padding-bottom: 10px !important;}&#8221;]<strong>WatchGuard XG Firewall<\/strong><\/p>\n<p>Watchguard&#8217;s award-winning Firebox firewall solutions protect the network from malware, malicious content, and attacks. You can access detailed reports with Dimension, the internal reporting platform that can provide centralized management while providing corporate level protection.<strong>\u00a0<\/strong><\/p>\n<p><strong>Multifactor Authentication (MFA)<\/strong><\/p>\n<p>AuthPoint protects your networks and data from possible threats. AuthPoint, which provides a unique solution with its ease of use and management as well as its brand-independent operation structure, prevents traditional 2-factor authentication (2FA) with mobile device DNA.<strong>\u00a0<\/strong><\/p>\n<p><strong>Secure Cloud Wi-Fi<\/strong><\/p>\n<p>WatchGuard&#8217;s high performance Wi-Fi Access Points are a secure, scalable and easy to manage wi-fi solution. Watchguard wi-fi solutions provide the strongest protection for the network and its users against data theft, malware and pirated APs with its patented WIPS technology.[\/vc_column_text][vc_empty_space height=&#8221;40px&#8221;]<a href=\"https:\/\/www.proya.com.tr\/en\/contact\/\" title=\"Proya Contact\"  data-id=\"mpc_button-8669dd084605c50\" class=\"mpc-button mpc-init mpc-transition mpc-typography--mpc_preset_20 mpc-display--block \" ><div class=\"mpc-button__content mpc-effect-type--none mpc-effect-side--none\"><span class=\"mpc-button__title mpc-transition\">Get Information Now<\/span><\/div><div class=\"mpc-button__background mpc-transition mpc-effect-type--slide mpc-effect-side--right\"><\/div><\/a>[vc_empty_space height=&#8221;20px&#8221;][\/vc_column][vc_column width=&#8221;1\/4&#8243; enable_sticky=&#8221;true&#8221; sticky_offset=&#8221;100&#8243; css=&#8221;.vc_custom_1476278940659{padding-right: 10% !important;padding-left: 10% !important;border-radius: 5px !important;}&#8221;][vc_column_text css=&#8221;.vc_custom_1598535871812{padding-bottom: 20px !important;}&#8221;]<\/p>\n<h6><span style=\"color: #fc0000; font-weight: 500;\"> PROMO VIDEOS<\/span><\/h6>\n<p>[\/vc_column_text]\t<div class=\"mkdf-video-banner-holder\">\n\t\t<a class=\"mkdf-video-banner-link\" href=\"https:\/\/www.youtube.com\/watch?v=S0OgjF95ocY\" data-rel=\"prettyPhoto[1977778784]\">\n\t\t\t\t\t\t\t<img width=\"1680\" height=\"1050\" src=\"https:\/\/www.proya.com.tr\/wp-content\/uploads\/2016\/11\/wg1.jpg\" class=\"attachment-full size-full\" alt=\"\" loading=\"lazy\" srcset=\"https:\/\/www.proya.com.tr\/wp-content\/uploads\/2016\/11\/wg1.jpg 1680w, https:\/\/www.proya.com.tr\/wp-content\/uploads\/2016\/11\/wg1-300x188.jpg 300w, https:\/\/www.proya.com.tr\/wp-content\/uploads\/2016\/11\/wg1-768x480.jpg 768w, https:\/\/www.proya.com.tr\/wp-content\/uploads\/2016\/11\/wg1-1024x640.jpg 1024w\" sizes=\"(max-width: 1680px) 100vw, 1680px\" \/>\t\t\t\t\t\t<div class=\"mkdf-video-banner-overlay\">\n\t\t\t\t<div class=\"mkdf-vb-overlay-tb\">\n\t\t\t\t\t<div class=\"mkdf-vb-overlay-tc\">\n\t\t\t\t\t\t<span aria-hidden=\"true\" class=\"mkdf-icon-font-elegant arrow_triangle-right_alt2 mkdf-vb-play-icon\" ><\/span>\t\t\t\t\t<\/div>\n\t\t\t\t<\/div>\n\t\t\t<\/div>\n\t\t<\/a>\n\t<\/div>\n[vc_empty_space height=&#8221;20px&#8221;]\t<div class=\"mkdf-video-banner-holder\">\n\t\t<a class=\"mkdf-video-banner-link\" href=\"https:\/\/www.youtube.com\/watch?v=DMRnoMPOLPo\" data-rel=\"prettyPhoto[934825472]\">\n\t\t\t\t\t\t\t<img width=\"1680\" height=\"1050\" src=\"https:\/\/www.proya.com.tr\/wp-content\/uploads\/2016\/11\/wg2.jpg\" class=\"attachment-full size-full\" alt=\"\" loading=\"lazy\" srcset=\"https:\/\/www.proya.com.tr\/wp-content\/uploads\/2016\/11\/wg2.jpg 1680w, https:\/\/www.proya.com.tr\/wp-content\/uploads\/2016\/11\/wg2-300x188.jpg 300w, https:\/\/www.proya.com.tr\/wp-content\/uploads\/2016\/11\/wg2-768x480.jpg 768w, https:\/\/www.proya.com.tr\/wp-content\/uploads\/2016\/11\/wg2-1024x640.jpg 1024w\" sizes=\"(max-width: 1680px) 100vw, 1680px\" \/>\t\t\t\t\t\t<div class=\"mkdf-video-banner-overlay\">\n\t\t\t\t<div class=\"mkdf-vb-overlay-tb\">\n\t\t\t\t\t<div class=\"mkdf-vb-overlay-tc\">\n\t\t\t\t\t\t<span aria-hidden=\"true\" class=\"mkdf-icon-font-elegant arrow_triangle-right_alt2 mkdf-vb-play-icon\" ><\/span>\t\t\t\t\t<\/div>\n\t\t\t\t<\/div>\n\t\t\t<\/div>\n\t\t<\/a>\n\t<\/div>\n[vc_empty_space height=&#8221;20px&#8221;]\t<div class=\"mkdf-video-banner-holder\">\n\t\t<a class=\"mkdf-video-banner-link\" href=\"https:\/\/www.youtube.com\/watch?v=qtbmiTN2V-g\" data-rel=\"prettyPhoto[370960042]\">\n\t\t\t\t\t\t\t<img width=\"1680\" height=\"1050\" src=\"https:\/\/www.proya.com.tr\/wp-content\/uploads\/2016\/11\/wg3.jpg\" class=\"attachment-full size-full\" alt=\"\" loading=\"lazy\" srcset=\"https:\/\/www.proya.com.tr\/wp-content\/uploads\/2016\/11\/wg3.jpg 1680w, https:\/\/www.proya.com.tr\/wp-content\/uploads\/2016\/11\/wg3-300x188.jpg 300w, https:\/\/www.proya.com.tr\/wp-content\/uploads\/2016\/11\/wg3-768x480.jpg 768w, https:\/\/www.proya.com.tr\/wp-content\/uploads\/2016\/11\/wg3-1024x640.jpg 1024w\" sizes=\"(max-width: 1680px) 100vw, 1680px\" \/>\t\t\t\t\t\t<div class=\"mkdf-video-banner-overlay\">\n\t\t\t\t<div class=\"mkdf-vb-overlay-tb\">\n\t\t\t\t\t<div class=\"mkdf-vb-overlay-tc\">\n\t\t\t\t\t\t<span aria-hidden=\"true\" class=\"mkdf-icon-font-elegant arrow_triangle-right_alt2 mkdf-vb-play-icon\" ><\/span>\t\t\t\t\t<\/div>\n\t\t\t\t<\/div>\n\t\t\t<\/div>\n\t\t<\/a>\n\t<\/div>\n[vc_empty_space height=&#8221;20px&#8221;]\t<div class=\"mkdf-video-banner-holder\">\n\t\t<a class=\"mkdf-video-banner-link\" href=\"https:\/\/www.youtube.com\/watch?v=8Mhhg4mZXmo\" data-rel=\"prettyPhoto[503255146]\">\n\t\t\t\t\t\t\t<img width=\"1680\" height=\"1050\" src=\"https:\/\/www.proya.com.tr\/wp-content\/uploads\/2016\/11\/wg4.jpg\" class=\"attachment-full size-full\" alt=\"\" loading=\"lazy\" srcset=\"https:\/\/www.proya.com.tr\/wp-content\/uploads\/2016\/11\/wg4.jpg 1680w, https:\/\/www.proya.com.tr\/wp-content\/uploads\/2016\/11\/wg4-300x188.jpg 300w, https:\/\/www.proya.com.tr\/wp-content\/uploads\/2016\/11\/wg4-768x480.jpg 768w, https:\/\/www.proya.com.tr\/wp-content\/uploads\/2016\/11\/wg4-1024x640.jpg 1024w\" sizes=\"(max-width: 1680px) 100vw, 1680px\" \/>\t\t\t\t\t\t<div class=\"mkdf-video-banner-overlay\">\n\t\t\t\t<div class=\"mkdf-vb-overlay-tb\">\n\t\t\t\t\t<div class=\"mkdf-vb-overlay-tc\">\n\t\t\t\t\t\t<span aria-hidden=\"true\" class=\"mkdf-icon-font-elegant arrow_triangle-right_alt2 mkdf-vb-play-icon\" ><\/span>\t\t\t\t\t<\/div>\n\t\t\t\t<\/div>\n\t\t\t<\/div>\n\t\t<\/a>\n\t<\/div>\n[vc_empty_space height=&#8221;20px&#8221;][vc_column_text css=&#8221;.vc_custom_1475715004235{padding-bottom: 20px !important;}&#8221;]<\/p>\n<h6><span style=\"color: #294b8b; font-weight: 500;\"> D\u0130\u011eER \u00dcRET\u0130C\u0130LER<\/span><\/h6>\n<p>[\/vc_column_text]<a href=\"http:\/\/www.proya.com.tr\/hemss-lumension\/\" title=\"Heat Software\"  data-id=\"mpc_button-5069dd0846083db\" class=\"mpc-button mpc-init mpc-transition mpc-typography--mpc_preset_16 mpc-display--block \" ><div class=\"mpc-button__content mpc-effect-type--stay mpc-effect-side--left\"><i class=\"mpc-button__icon mpc-transition  icnm icnm-IcoMoon\"><\/i><span class=\"mpc-button__title mpc-transition\">HEAT Software (Lumension)<\/span><\/div><div class=\"mpc-button__background mpc-transition mpc-effect-type--fade mpc-effect-side--in\"><\/div><\/a><a href=\"http:\/\/www.proya.com.tr\/beyondtrust\/\" title=\"beyondtrust\"  data-id=\"mpc_button-6469dd0846084b6\" class=\"mpc-button mpc-init mpc-transition mpc-typography--mpc_preset_16 mpc-display--block \" ><div class=\"mpc-button__content mpc-effect-type--stay mpc-effect-side--left\"><i class=\"mpc-button__icon mpc-transition  icnm icnm-play2\"><\/i><span class=\"mpc-button__title mpc-transition\">BeyondTrust<\/span><\/div><div class=\"mpc-button__background mpc-transition mpc-effect-type--fade mpc-effect-side--in\"><\/div><\/a><a href=\"http:\/\/www.proya.com.tr\/alien-vault\/\" title=\"alien vault\"  data-id=\"mpc_button-5069dd0846085c0\" class=\"mpc-button mpc-init mpc-transition mpc-typography--mpc_preset_16 mpc-display--block \" ><div class=\"mpc-button__content mpc-effect-type--stay mpc-effect-side--left\"><i class=\"mpc-button__icon mpc-transition  icnm icnm-reddit\"><\/i><span class=\"mpc-button__title mpc-transition\">AlienVault<\/span><\/div><div class=\"mpc-button__background mpc-transition mpc-effect-type--fade mpc-effect-side--in\"><\/div><\/a><a href=\"https:\/\/www.proya.com.tr\/forescout\/\" title=\"ForeScout\"  data-id=\"mpc_button-5469dd084608684\" class=\"mpc-button mpc-init mpc-transition mpc-typography--mpc_preset_16 mpc-display--block \" ><div class=\"mpc-button__content mpc-effect-type--stay mpc-effect-side--left\"><i class=\"mpc-button__icon mpc-transition  lnr lnr-eye\"><\/i><span class=\"mpc-button__title mpc-transition\">ForeScout<\/span><\/div><div class=\"mpc-button__background mpc-transition mpc-effect-type--fade mpc-effect-side--in\"><\/div><\/a><a href=\"http:\/\/www.proya.com.tr\/mojo\/\" title=\"mojo\"  data-id=\"mpc_button-6469dd084608726\" class=\"mpc-button mpc-init mpc-transition mpc-typography--mpc_preset_16 mpc-display--block \" ><div class=\"mpc-button__content mpc-effect-type--stay mpc-effect-side--left\"><i class=\"mpc-button__icon mpc-transition  fa fa-angle-double-up\"><\/i><span class=\"mpc-button__title mpc-transition\">Mojo (Airtight)<\/span><\/div><div class=\"mpc-button__background mpc-transition mpc-effect-type--fade mpc-effect-side--in\"><\/div><\/a><a href=\"http:\/\/www.proya.com.tr\/watchful\/\" title=\"watchful\"  data-id=\"mpc_button-9469dd0846087bb\" class=\"mpc-button mpc-init mpc-transition mpc-typography--mpc_preset_16 mpc-display--block \" ><div class=\"mpc-button__content mpc-effect-type--stay mpc-effect-side--left\"><i class=\"mpc-button__icon mpc-transition  icnm icnm-eye\"><\/i><span class=\"mpc-button__title mpc-transition\">WatchFul<\/span><\/div><div class=\"mpc-button__background mpc-transition mpc-effect-type--fade mpc-effect-side--in\"><\/div><\/a>[vc_empty_space][\/vc_column][\/vc_row][vc_row enable_bottom_separator=&#8221;true&#8221; bottom_separator_style=&#8221;arrow-right&#8221; bottom_separator_color=&#8221;#e6e4e4&#8243;][vc_column][\/vc_column][\/vc_row]<\/p>\n","protected":false},"excerpt":{"rendered":"<p>[vc_row css=&#8221;.vc_custom_1598531278512{padding-left: 5% !important;background-image: url(https:\/\/www.proya.com.tr\/wp-content\/uploads\/2020\/08\/watchguard-header.jpg?id=15249) !important;}&#8221;][vc_column css=&#8221;.vc_custom_1474490360423{padding-right: 9% !important;}&#8221;][vc_empty_space height=&#8221;30px&#8221;][vc_column_text] WatchGuard [\/vc_column_text][vc_column_text] One Platform, Total Security [\/vc_column_text][vc_empty_space height=&#8221;60px&#8221;][\/vc_column][\/vc_row][vc_row css=&#8221;.vc_custom_1478556839443{margin-top: 2px !important;}&#8221;][vc_column][vc_single_image image=&#8221;11226&#8243; img_size=&#8221;full&#8221;][\/vc_column][\/vc_row][vc_row][vc_column width=&#8221;2\/3&#8243; css=&#8221;.vc_custom_1476278814474{padding-right: 10% !important;padding-left: 10% !important;}&#8221;][vc_column_text css=&#8221;.vc_custom_1598536370947{padding-top: 20px !important;padding-bottom: 20px !important;}&#8221;] One Platform, Total Security [\/vc_column_text][vc_column_text css=&#8221;.vc_custom_1598536394549{padding-bottom:<\/p>\n","protected":false},"author":1,"featured_media":0,"parent":0,"menu_order":0,"comment_status":"closed","ping_status":"closed","template":"full-width.php","meta":[],"categories":[],"tags":[],"aioseo_notices":[],"_links":{"self":[{"href":"https:\/\/www.proya.com.tr\/en\/wp-json\/wp\/v2\/pages\/15251"}],"collection":[{"href":"https:\/\/www.proya.com.tr\/en\/wp-json\/wp\/v2\/pages"}],"about":[{"href":"https:\/\/www.proya.com.tr\/en\/wp-json\/wp\/v2\/types\/page"}],"author":[{"embeddable":true,"href":"https:\/\/www.proya.com.tr\/en\/wp-json\/wp\/v2\/users\/1"}],"replies":[{"embeddable":true,"href":"https:\/\/www.proya.com.tr\/en\/wp-json\/wp\/v2\/comments?post=15251"}],"version-history":[{"count":0,"href":"https:\/\/www.proya.com.tr\/en\/wp-json\/wp\/v2\/pages\/15251\/revisions"}],"wp:attachment":[{"href":"https:\/\/www.proya.com.tr\/en\/wp-json\/wp\/v2\/media?parent=15251"}],"wp:term":[{"taxonomy":"category","embeddable":true,"href":"https:\/\/www.proya.com.tr\/en\/wp-json\/wp\/v2\/categories?post=15251"},{"taxonomy":"post_tag","embeddable":true,"href":"https:\/\/www.proya.com.tr\/en\/wp-json\/wp\/v2\/tags?post=15251"}],"curies":[{"name":"wp","href":"https:\/\/api.w.org\/{rel}","templated":true}]}}