{"id":15272,"date":"2018-07-14T00:48:32","date_gmt":"2018-07-13T21:48:32","guid":{"rendered":"https:\/\/www.proya.com.tr\/?page_id=15272"},"modified":"2020-09-01T01:04:18","modified_gmt":"2020-08-31T22:04:18","slug":"fortinet","status":"publish","type":"page","link":"https:\/\/www.proya.com.tr\/en\/fortinet\/","title":{"rendered":"Fortinet"},"content":{"rendered":"<p>[vc_row css=&#8221;.vc_custom_1531518080601{padding-left: 5% !important;background-image: url(https:\/\/www.proya.com.tr\/wp-content\/uploads\/2018\/07\/fortinet-header.jpg?id=12914) !important;}&#8221;][vc_column css=&#8221;.vc_custom_1474490360423{padding-right: 9% !important;}&#8221;][vc_empty_space height=&#8221;30px&#8221;][vc_column_text]<\/p>\n<h3><span style=\"color: #ffffff;\">Fortinet<\/span><\/h3>\n<p>[\/vc_column_text][vc_column_text]<\/p>\n<h5><span style=\"color: #ffffff; font-weight: 400;\">Enhancing the Security Fabric<\/span><\/h5>\n<p>[\/vc_column_text][vc_empty_space height=&#8221;60px&#8221;][\/vc_column][\/vc_row][vc_row enable_top_separator=&#8221;true&#8221; top_separator_style=&#8221;slope-right&#8221; top_separator_color=&#8221;#e6e4e4&#8243;][vc_column][\/vc_column][\/vc_row][vc_row][vc_column width=&#8221;2\/3&#8243; css=&#8221;.vc_custom_1476278814474{padding-right: 10% !important;padding-left: 10% !important;}&#8221;][vc_column_text css=&#8221;.vc_custom_1598906103199{padding-bottom: 20px !important;}&#8221;]<\/p>\n<h5><span style=\"color: #ee3124;\">Fortigate SD-WAN<\/span><\/h5>\n<p>[\/vc_column_text][vc_column_text css=&#8221;.vc_custom_1598905921746{padding-bottom: 10px !important;}&#8221;]Fortinet&#8217;s Fortigate-based Secure SD-WAN solution provides next-generation security and networking capabilities to improve WAN efficiency without compromising security.<\/p>\n<p>The adoption of cloud services, accelerating the progress in WAN technologies, makes the next generation security strategies of the mobile workforce critical with multi-path WAN.<\/p>\n<p>Especially in distributed organizations, load-balancing between multiple WAN lines (for example, active \/ active use of two ADSL lines at the same time). Checking the status of each WAN line and directing all traffic to the other WAN line in case the line slows down becomes very valuable issues.[\/vc_column_text][vc_empty_space][vc_single_image image=&#8221;12916&#8243; img_size=&#8221;full&#8221; alignment=&#8221;center&#8221;][vc_empty_space][vc_column_text css=&#8221;.vc_custom_1598906117593{padding-bottom: 10px !important;}&#8221;]An SD-WAN solution connects users to any application wherever it resides from the data center to the cloud. SD-WAN intelligently determines which path best meets the ideal performance needs for a specific application. It then routes the traffic through to the ideal WAN path, whereas traditional WAN architectures only have the ability to route all applications through MPLS. Below are a few characteristics that define how an SD-WAN solution works and has evolved from a WAN infrastructure:[\/vc_column_text][vc_empty_space][vc_row_inner][vc_column_inner width=&#8221;1\/4&#8243;][vc_single_image image=&#8221;15276&#8243; img_size=&#8221;full&#8221; alignment=&#8221;center&#8221;][\/vc_column_inner][vc_column_inner width=&#8221;3\/4&#8243;][vc_column_text css=&#8221;.vc_custom_1598910257215{padding-bottom: 10px !important;}&#8221;]<span style=\"color: #d50a18;\"><strong>Application Awareness<\/strong><\/span><\/p>\n<p>With traditional WAN solutions, organizations suffer a less than ideal quality of experience and have a hard time delivering high-performance bandwidth for critical applications. Since legacy WAN architectures rely on packet routing, they lack in-depth application visibility. SD-WAN solutions, however, intelligently identify applications on the very first packet of data traffic. Network teams gain the visibility they need about which applications are used most widely across the organization, which helps them make smarter, more well-informed decisions and policies.[\/vc_column_text][\/vc_column_inner][\/vc_row_inner][vc_empty_space][vc_row_inner][vc_column_inner width=&#8221;1\/4&#8243;][vc_single_image image=&#8221;15278&#8243; img_size=&#8221;full&#8221; alignment=&#8221;center&#8221;][\/vc_column_inner][vc_column_inner width=&#8221;3\/4&#8243;][vc_column_text css=&#8221;.vc_custom_1598910806067{padding-bottom: 10px !important;}&#8221;]<span style=\"color: #d50a18;\"><strong>Dynamic Path Selection<\/strong><\/span><\/p>\n<p>SD-WAN solutions enable dynamic path selection for traffic to flow through: an MPLS connection, a broadband connection, and LTE. The SD-WAN solution can intelligently identify applications and determine the best path it should take to maximize functionality. Moreover, self-healing capabilities automatically route traffic to the next best available link in the event of an outage of the primary link. Not only does this automated capability reduce complexity within the network, but it also delivers an improved user experience and improves the performance of applications.[\/vc_column_text][\/vc_column_inner][\/vc_row_inner][vc_empty_space][vc_row_inner][vc_column_inner width=&#8221;1\/4&#8243;][vc_single_image image=&#8221;15279&#8243; img_size=&#8221;full&#8221; alignment=&#8221;center&#8221;][\/vc_column_inner][vc_column_inner width=&#8221;3\/4&#8243;][vc_column_text css=&#8221;.vc_custom_1598911185872{padding-bottom: 10px !important;}&#8221;]<span style=\"color: #d50a18;\"><strong>Zero-Touch Deployment<\/strong><\/span><\/p>\n<p>SD-WAN solutions provide control and data plane separation to ensure centralized management and orchestration. SD-WAN enables faster deployments with zero-touch provisioning capabilities while doing it at scale. In addition, a unified management console for both network and security operations helps to simplify operations at the WAN edge.[\/vc_column_text][\/vc_column_inner][\/vc_row_inner][vc_empty_space][vc_row_inner][vc_column_inner width=&#8221;1\/4&#8243;][vc_single_image image=&#8221;15277&#8243; img_size=&#8221;full&#8221; alignment=&#8221;center&#8221;][\/vc_column_inner][vc_column_inner width=&#8221;3\/4&#8243;][vc_column_text css=&#8221;.vc_custom_1598911239785{padding-bottom: 10px !important;}&#8221;]<span style=\"color: #d50a18;\"><strong>Centralized Orchestration<\/strong><\/span><\/p>\n<p>Fortinet Secure SD-WAN Orchestrator allows organizations to simplify centralized deployment and establish automation to save time and respond more quickly to business demands. A centralized orchestrator can provide an intuitive workflow for business policies to strategize distribution of applications, and other traffic across and between branch offices. With Automated VPN overlay bring-up, meshed connectivity across regional hubs and branch offices especially in larger SD-WAN deployments is easily managed with minimal overhead. Enhanced analytics for WAN link availability, performance SLAs and application traffic in runtime, and historical stats allow the infrastructure team to troubleshoot and quickly resolve network issues.[\/vc_column_text][\/vc_column_inner][\/vc_row_inner][vc_empty_space]<a href=\"https:\/\/www.proya.com.tr\/en\/contact\/\" title=\"Proya Contact\"  data-id=\"mpc_button-7669dd0820dcd23\" class=\"mpc-button mpc-init mpc-transition mpc-typography--mpc_preset_20 mpc-display--block \" ><div class=\"mpc-button__content mpc-effect-type--none mpc-effect-side--none\"><span class=\"mpc-button__title mpc-transition\">Get Information Now<\/span><\/div><div class=\"mpc-button__background mpc-transition mpc-effect-type--slide mpc-effect-side--right\"><\/div><\/a>[vc_empty_space][\/vc_column][vc_column width=&#8221;1\/4&#8243; enable_sticky=&#8221;true&#8221; sticky_offset=&#8221;100&#8243; css=&#8221;.vc_custom_1476278940659{padding-right: 10% !important;padding-left: 10% !important;border-radius: 5px !important;}&#8221;][vc_column_text css=&#8221;.vc_custom_1598909876046{padding-bottom: 20px !important;}&#8221;]<\/p>\n<h6><span style=\"color: #5698d2; font-weight: 500;\"> Promo Video<\/span><\/h6>\n<p>[\/vc_column_text]\t<div class=\"mkdf-video-banner-holder\">\n\t\t<a class=\"mkdf-video-banner-link\" href=\"https:\/\/www.youtube.com\/watch?v=CgkbewuLEys\" data-rel=\"prettyPhoto[1046020000]\">\n\t\t\t\t\t\t\t<img width=\"850\" height=\"474\" src=\"https:\/\/www.proya.com.tr\/wp-content\/uploads\/2018\/07\/fortinet-video.jpg\" class=\"attachment-full size-full\" alt=\"\" loading=\"lazy\" srcset=\"https:\/\/www.proya.com.tr\/wp-content\/uploads\/2018\/07\/fortinet-video.jpg 850w, https:\/\/www.proya.com.tr\/wp-content\/uploads\/2018\/07\/fortinet-video-300x167.jpg 300w, https:\/\/www.proya.com.tr\/wp-content\/uploads\/2018\/07\/fortinet-video-768x428.jpg 768w\" sizes=\"(max-width: 850px) 100vw, 850px\" \/>\t\t\t\t\t\t<div class=\"mkdf-video-banner-overlay\">\n\t\t\t\t<div class=\"mkdf-vb-overlay-tb\">\n\t\t\t\t\t<div class=\"mkdf-vb-overlay-tc\">\n\t\t\t\t\t\t<span aria-hidden=\"true\" class=\"mkdf-icon-font-elegant arrow_triangle-right_alt2 mkdf-vb-play-icon\" ><\/span>\t\t\t\t\t<\/div>\n\t\t\t\t<\/div>\n\t\t\t<\/div>\n\t\t<\/a>\n\t<\/div>\n[vc_empty_space height=&#8221;20px&#8221;][vc_column_text css=&#8221;.vc_custom_1475715004235{padding-bottom: 20px !important;}&#8221;]<\/p>\n<h6><span style=\"color: #294b8b; font-weight: 500;\"> D\u0130\u011eER \u00dcRET\u0130C\u0130LER<\/span><\/h6>\n<p>[\/vc_column_text]<a href=\"http:\/\/www.proya.com.tr\/hemss-lumension\/\" title=\"Heat Software\"  data-id=\"mpc_button-6669dd0820dda67\" class=\"mpc-button mpc-init mpc-transition mpc-typography--mpc_preset_16 mpc-display--block \" ><div class=\"mpc-button__content mpc-effect-type--stay mpc-effect-side--left\"><i class=\"mpc-button__icon mpc-transition  icnm icnm-IcoMoon\"><\/i><span class=\"mpc-button__title mpc-transition\">HEAT Software (Lumension)<\/span><\/div><div class=\"mpc-button__background mpc-transition mpc-effect-type--fade mpc-effect-side--in\"><\/div><\/a><a href=\"http:\/\/www.proya.com.tr\/beyondtrust\/\" title=\"beyondtrust\"  data-id=\"mpc_button-7969dd0820ddb36\" class=\"mpc-button mpc-init mpc-transition mpc-typography--mpc_preset_16 mpc-display--block \" ><div class=\"mpc-button__content mpc-effect-type--stay mpc-effect-side--left\"><i class=\"mpc-button__icon mpc-transition  icnm icnm-play2\"><\/i><span class=\"mpc-button__title mpc-transition\">BeyondTrust<\/span><\/div><div class=\"mpc-button__background mpc-transition mpc-effect-type--fade mpc-effect-side--in\"><\/div><\/a><a href=\"http:\/\/www.proya.com.tr\/alien-vault\/\" title=\"alien vault\"  data-id=\"mpc_button-8769dd0820ddc31\" class=\"mpc-button mpc-init mpc-transition mpc-typography--mpc_preset_16 mpc-display--block \" ><div class=\"mpc-button__content mpc-effect-type--stay mpc-effect-side--left\"><i class=\"mpc-button__icon mpc-transition  icnm icnm-reddit\"><\/i><span class=\"mpc-button__title mpc-transition\">AlienVault<\/span><\/div><div class=\"mpc-button__background mpc-transition mpc-effect-type--fade mpc-effect-side--in\"><\/div><\/a><a href=\"https:\/\/www.proya.com.tr\/forescout\/\" title=\"ForeScout\"  data-id=\"mpc_button-9969dd0820ddd1f\" class=\"mpc-button mpc-init mpc-transition mpc-typography--mpc_preset_16 mpc-display--block \" ><div class=\"mpc-button__content mpc-effect-type--stay mpc-effect-side--left\"><i class=\"mpc-button__icon mpc-transition  lnr lnr-eye\"><\/i><span class=\"mpc-button__title mpc-transition\">ForeScout<\/span><\/div><div class=\"mpc-button__background mpc-transition mpc-effect-type--fade mpc-effect-side--in\"><\/div><\/a><a href=\"http:\/\/www.proya.com.tr\/mojo\/\" title=\"mojo\"  data-id=\"mpc_button-9269dd0820dddd5\" class=\"mpc-button mpc-init mpc-transition mpc-typography--mpc_preset_16 mpc-display--block \" ><div class=\"mpc-button__content mpc-effect-type--stay mpc-effect-side--left\"><i class=\"mpc-button__icon mpc-transition  fa fa-angle-double-up\"><\/i><span class=\"mpc-button__title mpc-transition\">Mojo (Airtight)<\/span><\/div><div class=\"mpc-button__background mpc-transition mpc-effect-type--fade mpc-effect-side--in\"><\/div><\/a><a href=\"http:\/\/www.proya.com.tr\/watchful\/\" title=\"watchful\"  data-id=\"mpc_button-8669dd0820dde8b\" class=\"mpc-button mpc-init mpc-transition mpc-typography--mpc_preset_16 mpc-display--block \" ><div class=\"mpc-button__content mpc-effect-type--stay mpc-effect-side--left\"><i class=\"mpc-button__icon mpc-transition  icnm icnm-eye\"><\/i><span class=\"mpc-button__title mpc-transition\">WatchFul<\/span><\/div><div class=\"mpc-button__background mpc-transition mpc-effect-type--fade mpc-effect-side--in\"><\/div><\/a>[vc_empty_space][\/vc_column][\/vc_row][vc_row enable_bottom_separator=&#8221;true&#8221; bottom_separator_style=&#8221;arrow-right&#8221; bottom_separator_color=&#8221;#e6e4e4&#8243;][vc_column][\/vc_column][\/vc_row]<\/p>\n","protected":false},"excerpt":{"rendered":"<p>[vc_row css=&#8221;.vc_custom_1531518080601{padding-left: 5% !important;background-image: url(https:\/\/www.proya.com.tr\/wp-content\/uploads\/2018\/07\/fortinet-header.jpg?id=12914) !important;}&#8221;][vc_column css=&#8221;.vc_custom_1474490360423{padding-right: 9% !important;}&#8221;][vc_empty_space height=&#8221;30px&#8221;][vc_column_text] Fortinet [\/vc_column_text][vc_column_text] Enhancing the Security Fabric [\/vc_column_text][vc_empty_space height=&#8221;60px&#8221;][\/vc_column][\/vc_row][vc_row enable_top_separator=&#8221;true&#8221; top_separator_style=&#8221;slope-right&#8221; top_separator_color=&#8221;#e6e4e4&#8243;][vc_column][\/vc_column][\/vc_row][vc_row][vc_column width=&#8221;2\/3&#8243; css=&#8221;.vc_custom_1476278814474{padding-right: 10% !important;padding-left: 10% !important;}&#8221;][vc_column_text css=&#8221;.vc_custom_1598906103199{padding-bottom: 20px !important;}&#8221;] Fortigate SD-WAN [\/vc_column_text][vc_column_text css=&#8221;.vc_custom_1598905921746{padding-bottom: 10px !important;}&#8221;]Fortinet&#8217;s Fortigate-based Secure SD-WAN solution<\/p>\n","protected":false},"author":1,"featured_media":0,"parent":0,"menu_order":0,"comment_status":"closed","ping_status":"closed","template":"full-width.php","meta":[],"categories":[],"tags":[],"aioseo_notices":[],"_links":{"self":[{"href":"https:\/\/www.proya.com.tr\/en\/wp-json\/wp\/v2\/pages\/15272"}],"collection":[{"href":"https:\/\/www.proya.com.tr\/en\/wp-json\/wp\/v2\/pages"}],"about":[{"href":"https:\/\/www.proya.com.tr\/en\/wp-json\/wp\/v2\/types\/page"}],"author":[{"embeddable":true,"href":"https:\/\/www.proya.com.tr\/en\/wp-json\/wp\/v2\/users\/1"}],"replies":[{"embeddable":true,"href":"https:\/\/www.proya.com.tr\/en\/wp-json\/wp\/v2\/comments?post=15272"}],"version-history":[{"count":0,"href":"https:\/\/www.proya.com.tr\/en\/wp-json\/wp\/v2\/pages\/15272\/revisions"}],"wp:attachment":[{"href":"https:\/\/www.proya.com.tr\/en\/wp-json\/wp\/v2\/media?parent=15272"}],"wp:term":[{"taxonomy":"category","embeddable":true,"href":"https:\/\/www.proya.com.tr\/en\/wp-json\/wp\/v2\/categories?post=15272"},{"taxonomy":"post_tag","embeddable":true,"href":"https:\/\/www.proya.com.tr\/en\/wp-json\/wp\/v2\/tags?post=15272"}],"curies":[{"name":"wp","href":"https:\/\/api.w.org\/{rel}","templated":true}]}}