{"id":15452,"date":"2018-03-16T20:36:25","date_gmt":"2018-03-16T17:36:25","guid":{"rendered":"https:\/\/www.proya.com.tr\/?page_id=15452"},"modified":"2021-11-05T02:10:31","modified_gmt":"2021-11-04T23:10:31","slug":"it-asset-management","status":"publish","type":"page","link":"https:\/\/www.proya.com.tr\/en\/it-asset-management\/","title":{"rendered":"IT Asset Management"},"content":{"rendered":"<p>[vc_row css=&#8221;.vc_custom_1634147619812{padding-left: 5% !important;background-image: url(https:\/\/www.proya.com.tr\/wp-content\/uploads\/2021\/10\/ibm-bt-servis-yonetimi.jpg?id=15443) !important;}&#8221;][vc_column css=&#8221;.vc_custom_1474490360423{padding-right: 9% !important;}&#8221;][vc_empty_space height=&#8221;30px&#8221;][vc_column_text]<\/p>\n<h3><span style=\"color: #ffffff;\">IT Asset Management<\/span><\/h3>\n<p>[\/vc_column_text][vc_empty_space height=&#8221;60px&#8221;][\/vc_column][\/vc_row][vc_row][vc_column width=&#8221;2\/3&#8243; css=&#8221;.vc_custom_1476278814474{padding-right: 10% !important;padding-left: 10% !important;}&#8221;][vc_column_text css=&#8221;.vc_custom_1634147893635{padding-top: 20px !important;padding-bottom: 20px !important;}&#8221;]<\/p>\n<h4><span style=\"color: #0066aa;\">IT Asset Management<\/span><\/h4>\n<p>[\/vc_column_text][vc_column_text css=&#8221;.vc_custom_1634147912459{padding-bottom: 10px !important;}&#8221;]Companies often face unnecessary license and maintenance costs for their unused software and hardware, especially since there is no statistical data on the use of applications in the software inventory.<\/p>\n<p>In addition to these, many software and hardware purchases are made due to processes such as lack of coordination between different departments, organizational and project changes.<\/p>\n<p>Detailed information on IT inventory is required to recover unused software, meet compliance requirements, and increase availability. Especially in terms of security of this information, patching the security vulnerabilities detected in the applications also appears as a burden.<\/p>\n<p>With IVANTI IT Asset Management, you can control your entire inventory from end to end and track its processes.[\/vc_column_text][vc_empty_space height=&#8221;20px&#8221;][vc_single_image image=&#8221;12865&#8243; img_size=&#8221;full&#8221;][vc_column_text css=&#8221;.vc_custom_1521225690005{padding-top: 20px !important;padding-bottom: 10px !important;}&#8221;]<\/p>\n<h5><span style=\"color: #0066aa;\">License Optimizer for Clients &amp; Servers<\/span><\/h5>\n<p>[\/vc_column_text][vc_column_text css=&#8221;.vc_custom_1634147962519{padding-bottom: 10px !important;}&#8221;]<\/p>\n<ul>\n<li>Software inventory tracking,<\/li>\n<li>Details of new purchases,<\/li>\n<li>Vendor tracking and communication.<\/li>\n<\/ul>\n<p>[\/vc_column_text][vc_column_text css=&#8221;.vc_custom_1634147972921{padding-bottom: 10px !important;}&#8221;]Ivanti&#8217;s IT Hardware Management solution, on the other hand, covers the details of the use and support dates of the hardware.<\/p>\n<p>Taken with these 3 solutions, IT Asset Management provides a complete usability capability to maximize the performance and value of your Hardware and software.[\/vc_column_text][vc_column_text css=&#8221;.vc_custom_1521225708537{padding-top: 20px !important;padding-bottom: 10px !important;}&#8221;]<\/p>\n<h5><span style=\"color: #0066aa;\">License Optimizer for Clients<\/span><\/h5>\n<p>[\/vc_column_text][vc_column_text css=&#8221;.vc_custom_1634147994761{padding-bottom: 10px !important;}&#8221;]<\/p>\n<ul>\n<li>You can examine your software assets in detail with reports.<\/li>\n<li>You discover what software is in the company, you can view their use.<\/li>\n<li>To maximize the performance and value of your software, you can request unused licenses back from users and re-license the software.<\/li>\n<li>You can bring together the information you need to minimize cost, reduce audit risk, and drive transformations across any IT environment.<\/li>\n<\/ul>\n<p>[\/vc_column_text][vc_column_text css=&#8221;.vc_custom_1521225723985{padding-top: 20px !important;padding-bottom: 10px !important;}&#8221;]<\/p>\n<h5><span style=\"color: #0066aa;\">License Optimizer for Servers<\/span><\/h5>\n<p>[\/vc_column_text][vc_column_text css=&#8221;.vc_custom_1634148002992{padding-bottom: 10px !important;}&#8221;]It enables you to quickly view data center complexity to better manage your IT investments, thus driving cost savings and efficiencies. The solution identifies and manages software assets for on-premises and hybrid cloud virtualization environments such as VMware, Hyper-V, Oracle VM, and IBM Power Virtualization.[\/vc_column_text][vc_empty_space height=&#8221;50px&#8221;]<a href=\"https:\/\/www.proya.com.tr\/en\/contact\/\" title=\"Get Information Now\"  data-id=\"mpc_button-5669e1f4eb743b2\" class=\"mpc-button mpc-init mpc-transition mpc-typography--mpc_preset_20 mpc-display--block \" ><div class=\"mpc-button__content mpc-effect-type--none mpc-effect-side--none\"><span class=\"mpc-button__title mpc-transition\">Get Information Now<\/span><\/div><div class=\"mpc-button__background mpc-transition mpc-effect-type--slide mpc-effect-side--right\"><\/div><\/a>[vc_empty_space height=&#8221;50px&#8221;][\/vc_column][vc_column width=&#8221;1\/4&#8243; enable_sticky=&#8221;true&#8221; sticky_offset=&#8221;100&#8243; css=&#8221;.vc_custom_1634148127965{padding-right: 10% !important;padding-left: 10% !important;border-radius: 5px !important;}&#8221; offset=&#8221;vc_hidden-lg vc_hidden-md vc_hidden-sm vc_hidden-xs&#8221;][vc_column_text css=&#8221;.vc_custom_1510739309534{padding-top: 20px !important;padding-bottom: 20px !important;}&#8221;]<\/p>\n<h6><span style=\"color: #244686; font-weight: 500;\"> D\u0130\u011eER BT \u00c7\u00d6Z\u00dcMLER\u0130M\u0130Z<\/span><\/h6>\n<p>[\/vc_column_text]<a href=\"https:\/\/www.proya.com.tr\/manageengine\/\" title=\"ManageEngine\"  data-id=\"mpc_button-5169e1f4eb744f0\" class=\"mpc-button mpc-init mpc-transition mpc-typography--mpc_preset_16 mpc-display--block \" ><div class=\"mpc-button__content mpc-effect-type--stay mpc-effect-side--left\"><i class=\"mpc-button__icon mpc-transition  fa fa-chevron-right\"><\/i><span class=\"mpc-button__title mpc-transition\">ManageEngine<\/span><\/div><div class=\"mpc-button__background mpc-transition mpc-effect-type--fade mpc-effect-side--in\"><\/div><\/a><a href=\"https:\/\/www.proya.com.tr\/hpe-simplivity\/\" title=\"HPE SimpliVity\"  data-id=\"mpc_button-5969e1f4eb7458b\" class=\"mpc-button mpc-init mpc-transition mpc-typography--mpc_preset_16 mpc-display--block \" ><div class=\"mpc-button__content mpc-effect-type--stay mpc-effect-side--left\"><i class=\"mpc-button__icon mpc-transition  fa fa-chevron-right\"><\/i><span class=\"mpc-button__title mpc-transition\">HPE SimpliVity<\/span><\/div><div class=\"mpc-button__background mpc-transition mpc-effect-type--fade mpc-effect-side--in\"><\/div><\/a><a href=\"https:\/\/www.proya.com.tr\/open-it\/\" title=\"Open iT\"  data-id=\"mpc_button-2169e1f4eb74621\" class=\"mpc-button mpc-init mpc-transition mpc-typography--mpc_preset_16 mpc-display--block \" ><div class=\"mpc-button__content mpc-effect-type--stay mpc-effect-side--left\"><i class=\"mpc-button__icon mpc-transition  fa fa-chevron-right\"><\/i><span class=\"mpc-button__title mpc-transition\">Open iT<\/span><\/div><div class=\"mpc-button__background mpc-transition mpc-effect-type--fade mpc-effect-side--in\"><\/div><\/a><a href=\"https:\/\/www.proya.com.tr\/bt-servis-yonetimi\/\" title=\"BT Servis Y\u00f6netimi\"  data-id=\"mpc_button-469e1f4eb746b7\" class=\"mpc-button mpc-init mpc-transition mpc-typography--mpc_preset_16 mpc-display--block \" ><div class=\"mpc-button__content mpc-effect-type--stay mpc-effect-side--left\"><i class=\"mpc-button__icon mpc-transition  fa fa-chevron-right\"><\/i><span class=\"mpc-button__title mpc-transition\">BT Servis Y\u00f6netimi<\/span><\/div><div class=\"mpc-button__background mpc-transition mpc-effect-type--fade mpc-effect-side--in\"><\/div><\/a>[vc_empty_space height=&#8221;20px&#8221;][\/vc_column][\/vc_row]<\/p>\n","protected":false},"excerpt":{"rendered":"<p>[vc_row css=&#8221;.vc_custom_1634147619812{padding-left: 5% !important;background-image: url(https:\/\/www.proya.com.tr\/wp-content\/uploads\/2021\/10\/ibm-bt-servis-yonetimi.jpg?id=15443) !important;}&#8221;][vc_column css=&#8221;.vc_custom_1474490360423{padding-right: 9% !important;}&#8221;][vc_empty_space height=&#8221;30px&#8221;][vc_column_text] IT Asset Management [\/vc_column_text][vc_empty_space height=&#8221;60px&#8221;][\/vc_column][\/vc_row][vc_row][vc_column width=&#8221;2\/3&#8243; css=&#8221;.vc_custom_1476278814474{padding-right: 10% !important;padding-left: 10% !important;}&#8221;][vc_column_text css=&#8221;.vc_custom_1634147893635{padding-top: 20px !important;padding-bottom: 20px !important;}&#8221;] IT Asset Management [\/vc_column_text][vc_column_text css=&#8221;.vc_custom_1634147912459{padding-bottom: 10px !important;}&#8221;]Companies often face unnecessary license and maintenance costs<\/p>\n","protected":false},"author":1,"featured_media":0,"parent":0,"menu_order":0,"comment_status":"closed","ping_status":"closed","template":"full-width.php","meta":[],"categories":[],"tags":[],"aioseo_notices":[],"_links":{"self":[{"href":"https:\/\/www.proya.com.tr\/en\/wp-json\/wp\/v2\/pages\/15452"}],"collection":[{"href":"https:\/\/www.proya.com.tr\/en\/wp-json\/wp\/v2\/pages"}],"about":[{"href":"https:\/\/www.proya.com.tr\/en\/wp-json\/wp\/v2\/types\/page"}],"author":[{"embeddable":true,"href":"https:\/\/www.proya.com.tr\/en\/wp-json\/wp\/v2\/users\/1"}],"replies":[{"embeddable":true,"href":"https:\/\/www.proya.com.tr\/en\/wp-json\/wp\/v2\/comments?post=15452"}],"version-history":[{"count":0,"href":"https:\/\/www.proya.com.tr\/en\/wp-json\/wp\/v2\/pages\/15452\/revisions"}],"wp:attachment":[{"href":"https:\/\/www.proya.com.tr\/en\/wp-json\/wp\/v2\/media?parent=15452"}],"wp:term":[{"taxonomy":"category","embeddable":true,"href":"https:\/\/www.proya.com.tr\/en\/wp-json\/wp\/v2\/categories?post=15452"},{"taxonomy":"post_tag","embeddable":true,"href":"https:\/\/www.proya.com.tr\/en\/wp-json\/wp\/v2\/tags?post=15452"}],"curies":[{"name":"wp","href":"https:\/\/api.w.org\/{rel}","templated":true}]}}