{"id":15499,"date":"2017-04-14T05:15:06","date_gmt":"2017-04-14T02:15:06","guid":{"rendered":"https:\/\/www.proya.com.tr\/?page_id=15499"},"modified":"2021-11-05T21:24:35","modified_gmt":"2021-11-05T18:24:35","slug":"ibm-rational-rhapsody-family","status":"publish","type":"page","link":"https:\/\/www.proya.com.tr\/en\/ibm-rational-rhapsody-family\/","title":{"rendered":"IBM Rational Rhapsody Family"},"content":{"rendered":"<p>[vc_row css=&#8221;.vc_custom_1636136214686{padding-left: 5% !important;background-image: url(https:\/\/www.proya.com.tr\/wp-content\/uploads\/2021\/11\/IBM-Rhapsody-Header.jpg?id=15497) !important;}&#8221;][vc_column css=&#8221;.vc_custom_1474490360423{padding-right: 9% !important;}&#8221;][vc_empty_space height=&#8221;30px&#8221;][vc_column_text]<\/p>\n<h3><span style=\"color: #ffffff;\">IBM Rational Rhapsody Family<\/span><\/h3>\n<p>[\/vc_column_text][vc_column_text]<\/p>\n<h5><span style=\"color: #ffffff; font-weight: 400;\">Deliver higher quality systems and software faster<\/span><\/h5>\n<p>[\/vc_column_text][vc_empty_space height=&#8221;60px&#8221;][\/vc_column][\/vc_row][vc_row][vc_column width=&#8221;2\/3&#8243; css=&#8221;.vc_custom_1476278814474{padding-right: 10% !important;padding-left: 10% !important;}&#8221;][vc_column_text css=&#8221;.vc_custom_1492134843978{padding-top: 20px !important;padding-bottom: 20px !important;}&#8221;]<\/p>\n<h3><span style=\"color: #244686;\">IBM Rational Rhapsody Family<\/span><\/h3>\n<p>[\/vc_column_text][vc_empty_space height=&#8221;10px&#8221;][vc_column_text css=&#8221;.vc_custom_1636136520021{padding-bottom: 10px !important;}&#8221;]IBM Rational Rhapsody is a solution built for modeling and design activities. The tools in the Rhapsody family provide a common design, development and testing environment for systems engineers and software engineers.<\/p>\n<p>Rhapsody supports UML, SysML and AUTOSAR, allows you to control defense frameworks (DoDAF, MODAF and UPDM) and complies with standards such as DO-178, ISO 26262 and so on.<\/p>\n<p>IBM Rational Rhapsody allows you to manage the complexity faced by many organizations in today&#8217;s product and system development. With its fast simulation, prototyping features, it has the features of early detection of errors and continuous verification of your system. With the ability to integrate with other design tools such as Mathworks Simulink, you can ensure integrity in the engineering lifecycle.<\/p>\n<p><strong>Versions of the Product:<\/strong><\/p>\n<p><span style=\"color: #244686;\"><strong>Rational Rhapsody Architect for Systems Engineers:<\/strong><\/span> It is a model-based system engineering (MBSE) environment for complex systems engineering projects. It helps you analyze system engineering requirements by using the SysML and UML modeling languages.<\/p>\n<p><span style=\"color: #244686;\"><strong>Rational Rhapsody Architect for Software:<\/strong><\/span> It is an integrated embedded software development environment that uses UML-based modeling to visualize, design, and develop embedded software<\/p>\n<p><span style=\"color: #244686;\"><strong>Rational Rhapsody Design Manager:<\/strong><\/span> It allows you to collaborate with the entire engineering team, share, review and manage designs and models.<\/p>\n<p><span style=\"color: #244686;\"><strong>Rational Rhapsody Designer for Systems Engineers:<\/strong><\/span> Enhances the model-based systems engineering environment with simulation and model execution capabilities to assist validation of requirements, architecture, and process at an early stage.<\/p>\n<p><span style=\"color: #244686;\"><strong>Rational Rhapsody Developer:<\/strong><\/span> It helps you develop and validate built-in software applications through simulation, behavioral code generation, and real-time system integration.[\/vc_column_text][vc_column_text css=&#8221;.vc_custom_1636136537612{padding-top: 20px !important;padding-bottom: 20px !important;}&#8221;]<\/p>\n<h3><span style=\"color: #244686;\">Brochure<\/span><\/h3>\n<p>[\/vc_column_text][vc_column_text css=&#8221;.vc_custom_1492136783956{padding-bottom: 10px !important;}&#8221;]<iframe src=\"\/\/docs.google.com\/viewer?url=https%3A%2F%2Fwww.proya.com.tr%2Fwp-content%2Fuploads%2F2017%2F04%2FPROYA-rhapsody-brosur.pdf&hl=tr&embedded=true\" class=\"gde-frame\" style=\"width:100%; height:700px; border: none;\" scrolling=\"no\"><\/iframe>\n<p class=\"gde-text\"><a href=\"https:\/\/www.proya.com.tr\/wp-content\/uploads\/2017\/04\/PROYA-rhapsody-brosur.pdf\" class=\"gde-link\">BRO\u015e\u00dcR\u00dc \u0130ND\u0130R<\/a><\/p>[\/vc_column_text][vc_empty_space][\/vc_column][vc_column width=&#8221;1\/4&#8243; enable_sticky=&#8221;true&#8221; sticky_offset=&#8221;100&#8243; css=&#8221;.vc_custom_1476278940659{padding-right: 10% !important;padding-left: 10% !important;border-radius: 5px !important;}&#8221;][vc_column_text css=&#8221;.vc_custom_1636136579428{padding-bottom: 20px !important;}&#8221;]<\/p>\n<h6><span style=\"color: #244686; font-weight: 500;\">PROMO VIDEO<\/span><\/h6>\n<p>[\/vc_column_text]\t<div class=\"mkdf-video-banner-holder\">\n\t\t<a class=\"mkdf-video-banner-link\" href=\"https:\/\/www.youtube.com\/watch?v=2JebrzemmXY\" data-rel=\"prettyPhoto[1292158767]\">\n\t\t\t\t\t\t\t<img width=\"1587\" height=\"881\" src=\"https:\/\/www.proya.com.tr\/wp-content\/uploads\/2017\/04\/ibm-vid.jpg\" class=\"attachment-full size-full\" alt=\"\" loading=\"lazy\" srcset=\"https:\/\/www.proya.com.tr\/wp-content\/uploads\/2017\/04\/ibm-vid.jpg 1587w, https:\/\/www.proya.com.tr\/wp-content\/uploads\/2017\/04\/ibm-vid-300x167.jpg 300w, https:\/\/www.proya.com.tr\/wp-content\/uploads\/2017\/04\/ibm-vid-768x426.jpg 768w, https:\/\/www.proya.com.tr\/wp-content\/uploads\/2017\/04\/ibm-vid-1024x568.jpg 1024w\" sizes=\"(max-width: 1587px) 100vw, 1587px\" \/>\t\t\t\t\t\t<div class=\"mkdf-video-banner-overlay\">\n\t\t\t\t<div class=\"mkdf-vb-overlay-tb\">\n\t\t\t\t\t<div class=\"mkdf-vb-overlay-tc\">\n\t\t\t\t\t\t<span aria-hidden=\"true\" class=\"mkdf-icon-font-elegant arrow_triangle-right_alt2 mkdf-vb-play-icon\" ><\/span>\t\t\t\t\t<\/div>\n\t\t\t\t<\/div>\n\t\t\t<\/div>\n\t\t<\/a>\n\t<\/div>\n[vc_empty_space][\/vc_column][\/vc_row][vc_row enable_bottom_separator=&#8221;true&#8221; bottom_separator_style=&#8221;arrow-right&#8221; bottom_separator_color=&#8221;#e6e4e4&#8243;][vc_column][\/vc_column][\/vc_row]<\/p>\n","protected":false},"excerpt":{"rendered":"<p>[vc_row css=&#8221;.vc_custom_1636136214686{padding-left: 5% !important;background-image: url(https:\/\/www.proya.com.tr\/wp-content\/uploads\/2021\/11\/IBM-Rhapsody-Header.jpg?id=15497) !important;}&#8221;][vc_column css=&#8221;.vc_custom_1474490360423{padding-right: 9% !important;}&#8221;][vc_empty_space height=&#8221;30px&#8221;][vc_column_text] IBM Rational Rhapsody Family [\/vc_column_text][vc_column_text] Deliver higher quality systems and software faster [\/vc_column_text][vc_empty_space height=&#8221;60px&#8221;][\/vc_column][\/vc_row][vc_row][vc_column width=&#8221;2\/3&#8243; css=&#8221;.vc_custom_1476278814474{padding-right: 10% !important;padding-left: 10% !important;}&#8221;][vc_column_text css=&#8221;.vc_custom_1492134843978{padding-top: 20px !important;padding-bottom: 20px !important;}&#8221;] IBM Rational Rhapsody Family [\/vc_column_text][vc_empty_space<\/p>\n","protected":false},"author":1,"featured_media":0,"parent":0,"menu_order":0,"comment_status":"closed","ping_status":"closed","template":"full-width.php","meta":[],"categories":[],"tags":[],"aioseo_notices":[],"_links":{"self":[{"href":"https:\/\/www.proya.com.tr\/en\/wp-json\/wp\/v2\/pages\/15499"}],"collection":[{"href":"https:\/\/www.proya.com.tr\/en\/wp-json\/wp\/v2\/pages"}],"about":[{"href":"https:\/\/www.proya.com.tr\/en\/wp-json\/wp\/v2\/types\/page"}],"author":[{"embeddable":true,"href":"https:\/\/www.proya.com.tr\/en\/wp-json\/wp\/v2\/users\/1"}],"replies":[{"embeddable":true,"href":"https:\/\/www.proya.com.tr\/en\/wp-json\/wp\/v2\/comments?post=15499"}],"version-history":[{"count":0,"href":"https:\/\/www.proya.com.tr\/en\/wp-json\/wp\/v2\/pages\/15499\/revisions"}],"wp:attachment":[{"href":"https:\/\/www.proya.com.tr\/en\/wp-json\/wp\/v2\/media?parent=15499"}],"wp:term":[{"taxonomy":"category","embeddable":true,"href":"https:\/\/www.proya.com.tr\/en\/wp-json\/wp\/v2\/categories?post=15499"},{"taxonomy":"post_tag","embeddable":true,"href":"https:\/\/www.proya.com.tr\/en\/wp-json\/wp\/v2\/tags?post=15499"}],"curies":[{"name":"wp","href":"https:\/\/api.w.org\/{rel}","templated":true}]}}